{"id":20035,"date":"2025-08-22T13:26:49","date_gmt":"2025-08-22T19:26:49","guid":{"rendered":"https:\/\/nuevocanto.com\/?post_type=product&#038;p=20035"},"modified":"2025-11-05T19:42:54","modified_gmt":"2025-11-05T19:42:54","slug":"ukelele","status":"publish","type":"product","link":"https:\/\/nuevocanto.com\/es\/product\/ukelele\/","title":{"rendered":"UKELELE"},"content":{"rendered":"<p>DESCUBRE EL INSTRUMENTO PERFECTO PARA INICIAR EN LA M\u00daSICA. NUESTRO UKELELE ES LIGERO, F\u00c1CIL DE TOCAR Y CON UN SONIDO C\u00c1LIDO QUE ENCANTA A NI\u00d1OS Y ADULTOS. IDEAL PARA APRENDER, COMPARTIR Y CREAR MOMENTOS INOLVIDABLES EN FAMILIA.<\/p>\n","protected":false},"excerpt":{"rendered":"<p>DESCUBRE EL INSTRUMENTO PERFECTO PARA INICIAR EN LA M\u00daSICA. NUESTRO UKELELE ES LIGERO, F\u00c1CIL DE TOCAR Y CON UN SONIDO C\u00c1LIDO QUE ENCANTA A NI\u00d1OS Y ADULTOS. IDEAL PARA APRENDER, COMPARTIR Y CREAR MOMENTOS INOLVIDABLES EN FAMILIA.<\/p>\n","protected":false},"featured_media":21583,"comment_status":"open","ping_status":"closed","template":"","meta":[],"product_brand":[],"product_cat":[85],"product_tag":[],"class_list":{"0":"post-20035","1":"product","2":"type-product","3":"status-publish","4":"has-post-thumbnail","6":"product_cat-instrumentos-musicales","8":"first","9":"instock","10":"shipping-taxable","11":"purchasable","12":"product-type-simple"},"acf":[],"_links":{"self":[{"href":"https:\/\/nuevocanto.com\/es\/wp-json\/wp\/v2\/product\/20035","targetHints":{"allow":["GET"]}}],"collection":[{"href":"https:\/\/nuevocanto.com\/es\/wp-json\/wp\/v2\/product"}],"about":[{"href":"https:\/\/nuevocanto.com\/es\/wp-json\/wp\/v2\/types\/product"}],"replies":[{"embeddable":true,"href":"https:\/\/nuevocanto.com\/es\/wp-json\/wp\/v2\/comments?post=20035"}],"version-history":[{"count":1,"href":"https:\/\/nuevocanto.com\/es\/wp-json\/wp\/v2\/product\/20035\/revisions"}],"predecessor-version":[{"id":21585,"href":"https:\/\/nuevocanto.com\/es\/wp-json\/wp\/v2\/product\/20035\/revisions\/21585"}],"wp:featuredmedia":[{"embeddable":true,"href":"https:\/\/nuevocanto.com\/es\/wp-json\/wp\/v2\/media\/21583"}],"wp:attachment":[{"href":"https:\/\/nuevocanto.com\/es\/wp-json\/wp\/v2\/media?parent=20035"}],"wp:term":[{"taxonomy":"product_brand","embeddable":true,"href":"https:\/\/nuevocanto.com\/es\/wp-json\/wp\/v2\/product_brand?post=20035"},{"taxonomy":"product_cat","embeddable":true,"href":"https:\/\/nuevocanto.com\/es\/wp-json\/wp\/v2\/product_cat?post=20035"},{"taxonomy":"product_tag","embeddable":true,"href":"https:\/\/nuevocanto.com\/es\/wp-json\/wp\/v2\/product_tag?post=20035"}],"curies":[{"name":"wp","href":"https:\/\/api.w.org\/{rel}","templated":true}]}}