{"id":17272,"date":"2024-09-26T22:48:17","date_gmt":"2024-09-27T04:48:17","guid":{"rendered":"https:\/\/nuevocanto.com\/?post_type=product&#038;p=17272"},"modified":"2025-10-13T20:48:04","modified_gmt":"2025-10-13T20:48:04","slug":"titere-raton","status":"publish","type":"product","link":"https:\/\/nuevocanto.com\/es\/product\/titere-raton\/","title":{"rendered":"T\u00cdTERE RATON"},"content":{"rendered":"<p>T\u00edtere de rat\u00f3n para mano.<\/p>\n","protected":false},"excerpt":{"rendered":"<p>T\u00edtere de rat\u00f3n para mano.<\/p>\n","protected":false},"featured_media":20376,"comment_status":"open","ping_status":"closed","template":"","meta":[],"product_brand":[],"product_cat":[87,88],"product_tag":[],"class_list":{"0":"post-17272","1":"product","2":"type-product","3":"status-publish","4":"has-post-thumbnail","6":"product_cat-didacticos","7":"product_cat-titeres","9":"first","10":"instock","11":"shipping-taxable","12":"purchasable","13":"product-type-simple"},"acf":[],"_links":{"self":[{"href":"https:\/\/nuevocanto.com\/es\/wp-json\/wp\/v2\/product\/17272","targetHints":{"allow":["GET"]}}],"collection":[{"href":"https:\/\/nuevocanto.com\/es\/wp-json\/wp\/v2\/product"}],"about":[{"href":"https:\/\/nuevocanto.com\/es\/wp-json\/wp\/v2\/types\/product"}],"replies":[{"embeddable":true,"href":"https:\/\/nuevocanto.com\/es\/wp-json\/wp\/v2\/comments?post=17272"}],"version-history":[{"count":0,"href":"https:\/\/nuevocanto.com\/es\/wp-json\/wp\/v2\/product\/17272\/revisions"}],"wp:featuredmedia":[{"embeddable":true,"href":"https:\/\/nuevocanto.com\/es\/wp-json\/wp\/v2\/media\/20376"}],"wp:attachment":[{"href":"https:\/\/nuevocanto.com\/es\/wp-json\/wp\/v2\/media?parent=17272"}],"wp:term":[{"taxonomy":"product_brand","embeddable":true,"href":"https:\/\/nuevocanto.com\/es\/wp-json\/wp\/v2\/product_brand?post=17272"},{"taxonomy":"product_cat","embeddable":true,"href":"https:\/\/nuevocanto.com\/es\/wp-json\/wp\/v2\/product_cat?post=17272"},{"taxonomy":"product_tag","embeddable":true,"href":"https:\/\/nuevocanto.com\/es\/wp-json\/wp\/v2\/product_tag?post=17272"}],"curies":[{"name":"wp","href":"https:\/\/api.w.org\/{rel}","templated":true}]}}