{"id":16472,"date":"2024-09-20T18:00:35","date_gmt":"2024-09-21T00:00:35","guid":{"rendered":"https:\/\/nuevocanto.com\/?post_type=product&amp;p=16472"},"modified":"2024-09-20T18:00:35","modified_gmt":"2024-09-21T00:00:35","slug":"panuelos-de-colores","status":"publish","type":"product","link":"https:\/\/nuevocanto.com\/es\/product\/panuelos-de-colores\/","title":{"rendered":"PA\u00d1UELOS DE COLORES"},"content":{"rendered":"<p>PAQUETE DE 16 PA\u00d1UELOS DE TELA . SON 4 PA\u00d1UELOS POR COLOR, AMARILLO, AZUL, VERDE Y ROJO.<\/p>\n<p>SON 16 EN TOTAL.<\/p>\n","protected":false},"excerpt":{"rendered":"<p>PAQUETE DE 16 PA\u00d1UELOS DE TELA . SON 4 PA\u00d1UELOS POR COLOR, AMARILLO, AZUL, VERDE Y ROJO. SON 16 EN TOTAL.<\/p>\n","protected":false},"featured_media":17096,"comment_status":"open","ping_status":"closed","template":"","meta":[],"product_brand":[],"product_cat":[87,99],"product_tag":[],"class_list":{"0":"post-16472","1":"product","2":"type-product","3":"status-publish","4":"has-post-thumbnail","6":"product_cat-didacticos","7":"product_cat-recursos-extras","9":"first","10":"instock","11":"shipping-taxable","12":"purchasable","13":"product-type-simple"},"acf":[],"_links":{"self":[{"href":"https:\/\/nuevocanto.com\/es\/wp-json\/wp\/v2\/product\/16472","targetHints":{"allow":["GET"]}}],"collection":[{"href":"https:\/\/nuevocanto.com\/es\/wp-json\/wp\/v2\/product"}],"about":[{"href":"https:\/\/nuevocanto.com\/es\/wp-json\/wp\/v2\/types\/product"}],"replies":[{"embeddable":true,"href":"https:\/\/nuevocanto.com\/es\/wp-json\/wp\/v2\/comments?post=16472"}],"version-history":[{"count":0,"href":"https:\/\/nuevocanto.com\/es\/wp-json\/wp\/v2\/product\/16472\/revisions"}],"wp:featuredmedia":[{"embeddable":true,"href":"https:\/\/nuevocanto.com\/es\/wp-json\/wp\/v2\/media\/17096"}],"wp:attachment":[{"href":"https:\/\/nuevocanto.com\/es\/wp-json\/wp\/v2\/media?parent=16472"}],"wp:term":[{"taxonomy":"product_brand","embeddable":true,"href":"https:\/\/nuevocanto.com\/es\/wp-json\/wp\/v2\/product_brand?post=16472"},{"taxonomy":"product_cat","embeddable":true,"href":"https:\/\/nuevocanto.com\/es\/wp-json\/wp\/v2\/product_cat?post=16472"},{"taxonomy":"product_tag","embeddable":true,"href":"https:\/\/nuevocanto.com\/es\/wp-json\/wp\/v2\/product_tag?post=16472"}],"curies":[{"name":"wp","href":"https:\/\/api.w.org\/{rel}","templated":true}]}}