{"id":10700,"date":"2024-03-22T22:59:39","date_gmt":"2024-03-23T04:59:39","guid":{"rendered":"https:\/\/nuevocanto.com\/product\/petite-preludes-for-instruments\/"},"modified":"2025-11-07T18:30:17","modified_gmt":"2025-11-07T18:30:17","slug":"petite-preludes-for-instruments","status":"publish","type":"product","link":"https:\/\/nuevocanto.com\/es\/product\/petite-preludes-for-instruments\/","title":{"rendered":"Libro &#8220;Petite Preludes For Instruments&#8221; (Impreso)"},"content":{"rendered":"<p>Acompa\u00f1amiento para los arreglos de instrumentos<\/p>\n","protected":false},"excerpt":{"rendered":"<p><strong>Lorem Ipsum<\/strong> es simplemente el texto de relleno de las imprentas y archivos de texto. Lorem Ipsum ha sido el texto de relleno est\u00e1ndar de las industrias desde el a\u00f1o 1500, cuando un impresor (N. del T. persona que se dedica a la imprenta) desconocido us\u00f3 una galer\u00eda de textos y los mezcl\u00f3 de tal manera que logr\u00f3 hacer un libro de textos especimen.<\/p>\n","protected":false},"featured_media":17118,"comment_status":"closed","ping_status":"closed","template":"","meta":[],"product_brand":[],"product_cat":[90],"product_tag":[],"class_list":{"0":"post-10700","1":"product","2":"type-product","3":"status-publish","4":"has-post-thumbnail","6":"product_cat-partituras-metodos","8":"first","9":"instock","10":"purchasable","11":"product-type-simple"},"acf":[],"_links":{"self":[{"href":"https:\/\/nuevocanto.com\/es\/wp-json\/wp\/v2\/product\/10700","targetHints":{"allow":["GET"]}}],"collection":[{"href":"https:\/\/nuevocanto.com\/es\/wp-json\/wp\/v2\/product"}],"about":[{"href":"https:\/\/nuevocanto.com\/es\/wp-json\/wp\/v2\/types\/product"}],"replies":[{"embeddable":true,"href":"https:\/\/nuevocanto.com\/es\/wp-json\/wp\/v2\/comments?post=10700"}],"version-history":[{"count":1,"href":"https:\/\/nuevocanto.com\/es\/wp-json\/wp\/v2\/product\/10700\/revisions"}],"predecessor-version":[{"id":23401,"href":"https:\/\/nuevocanto.com\/es\/wp-json\/wp\/v2\/product\/10700\/revisions\/23401"}],"wp:featuredmedia":[{"embeddable":true,"href":"https:\/\/nuevocanto.com\/es\/wp-json\/wp\/v2\/media\/17118"}],"wp:attachment":[{"href":"https:\/\/nuevocanto.com\/es\/wp-json\/wp\/v2\/media?parent=10700"}],"wp:term":[{"taxonomy":"product_brand","embeddable":true,"href":"https:\/\/nuevocanto.com\/es\/wp-json\/wp\/v2\/product_brand?post=10700"},{"taxonomy":"product_cat","embeddable":true,"href":"https:\/\/nuevocanto.com\/es\/wp-json\/wp\/v2\/product_cat?post=10700"},{"taxonomy":"product_tag","embeddable":true,"href":"https:\/\/nuevocanto.com\/es\/wp-json\/wp\/v2\/product_tag?post=10700"}],"curies":[{"name":"wp","href":"https:\/\/api.w.org\/{rel}","templated":true}]}}