{"id":10621,"date":"2024-03-22T22:56:45","date_gmt":"2024-03-23T04:56:45","guid":{"rendered":"https:\/\/nuevocanto.com\/product\/mini-traupido-folkmanis-muppet\/"},"modified":"2024-03-22T22:56:45","modified_gmt":"2024-03-23T04:56:45","slug":"mini-traupido-folkmanis-muppet","status":"publish","type":"product","link":"https:\/\/nuevocanto.com\/es\/product\/mini-traupido-folkmanis-muppet\/","title":{"rendered":"MINI TR\u00c1UPIDO FOLKMANIS PUPPET"},"content":{"rendered":"<p>T\u00cdTERE MINI TR\u00c1UPIDO (AVE) PARA DEDO<\/p>\n","protected":false},"excerpt":{"rendered":"<p>T\u00cdTERE MINI TR\u00c1UPIDO (AVE) PARA DEDO<\/p>\n","protected":false},"featured_media":17127,"comment_status":"closed","ping_status":"closed","template":"","meta":[],"product_brand":[],"product_cat":[87,88],"product_tag":[],"class_list":{"0":"post-10621","1":"product","2":"type-product","3":"status-publish","4":"has-post-thumbnail","6":"product_cat-didacticos","7":"product_cat-titeres","9":"first","10":"instock","11":"purchasable","12":"product-type-simple"},"acf":[],"_links":{"self":[{"href":"https:\/\/nuevocanto.com\/es\/wp-json\/wp\/v2\/product\/10621","targetHints":{"allow":["GET"]}}],"collection":[{"href":"https:\/\/nuevocanto.com\/es\/wp-json\/wp\/v2\/product"}],"about":[{"href":"https:\/\/nuevocanto.com\/es\/wp-json\/wp\/v2\/types\/product"}],"replies":[{"embeddable":true,"href":"https:\/\/nuevocanto.com\/es\/wp-json\/wp\/v2\/comments?post=10621"}],"version-history":[{"count":0,"href":"https:\/\/nuevocanto.com\/es\/wp-json\/wp\/v2\/product\/10621\/revisions"}],"wp:featuredmedia":[{"embeddable":true,"href":"https:\/\/nuevocanto.com\/es\/wp-json\/wp\/v2\/media\/17127"}],"wp:attachment":[{"href":"https:\/\/nuevocanto.com\/es\/wp-json\/wp\/v2\/media?parent=10621"}],"wp:term":[{"taxonomy":"product_brand","embeddable":true,"href":"https:\/\/nuevocanto.com\/es\/wp-json\/wp\/v2\/product_brand?post=10621"},{"taxonomy":"product_cat","embeddable":true,"href":"https:\/\/nuevocanto.com\/es\/wp-json\/wp\/v2\/product_cat?post=10621"},{"taxonomy":"product_tag","embeddable":true,"href":"https:\/\/nuevocanto.com\/es\/wp-json\/wp\/v2\/product_tag?post=10621"}],"curies":[{"name":"wp","href":"https:\/\/api.w.org\/{rel}","templated":true}]}}