{"id":10500,"date":"2024-03-22T22:55:11","date_gmt":"2024-03-23T04:55:11","guid":{"rendered":"https:\/\/nuevocanto.com\/product\/campanas-estilo-suizo\/"},"modified":"2024-03-22T22:55:11","modified_gmt":"2024-03-23T04:55:11","slug":"campanas-estilo-suizo","status":"publish","type":"product","link":"https:\/\/nuevocanto.com\/es\/product\/campanas-estilo-suizo\/","title":{"rendered":"CAMPANAS ESTILO SUIZO"},"content":{"rendered":"<p>Juego de 8 CAMPANAS ESTILO SUIZO (Melodee Bells) Afinadas en FA.<br \/>\nLa campana interior es de metal y tiene un tono real. Moldeado en colores permanentes, libro de canciones incluido. Una gran herramienta de ense\u00f1anza para cualquier ni\u00f1o interesado en la m\u00fasica.<\/p>\n","protected":false},"excerpt":{"rendered":"<p>Juego de 8 CAMPANAS ESTILO SUIZO (Melodee Bells) Afinadas en FA. La campana interior es de metal y tiene un tono real. Moldeado en colores permanentes, libro de canciones incluido. Una gran herramienta de ense\u00f1anza para cualquier ni\u00f1o interesado en la m\u00fasica.<\/p>\n","protected":false},"featured_media":17143,"comment_status":"closed","ping_status":"closed","template":"","meta":[],"product_brand":[],"product_cat":[85],"product_tag":[],"class_list":{"0":"post-10500","1":"product","2":"type-product","3":"status-publish","4":"has-post-thumbnail","6":"product_cat-instrumentos-musicales","8":"first","9":"instock","10":"purchasable","11":"product-type-simple"},"acf":[],"_links":{"self":[{"href":"https:\/\/nuevocanto.com\/es\/wp-json\/wp\/v2\/product\/10500","targetHints":{"allow":["GET"]}}],"collection":[{"href":"https:\/\/nuevocanto.com\/es\/wp-json\/wp\/v2\/product"}],"about":[{"href":"https:\/\/nuevocanto.com\/es\/wp-json\/wp\/v2\/types\/product"}],"replies":[{"embeddable":true,"href":"https:\/\/nuevocanto.com\/es\/wp-json\/wp\/v2\/comments?post=10500"}],"version-history":[{"count":0,"href":"https:\/\/nuevocanto.com\/es\/wp-json\/wp\/v2\/product\/10500\/revisions"}],"wp:featuredmedia":[{"embeddable":true,"href":"https:\/\/nuevocanto.com\/es\/wp-json\/wp\/v2\/media\/17143"}],"wp:attachment":[{"href":"https:\/\/nuevocanto.com\/es\/wp-json\/wp\/v2\/media?parent=10500"}],"wp:term":[{"taxonomy":"product_brand","embeddable":true,"href":"https:\/\/nuevocanto.com\/es\/wp-json\/wp\/v2\/product_brand?post=10500"},{"taxonomy":"product_cat","embeddable":true,"href":"https:\/\/nuevocanto.com\/es\/wp-json\/wp\/v2\/product_cat?post=10500"},{"taxonomy":"product_tag","embeddable":true,"href":"https:\/\/nuevocanto.com\/es\/wp-json\/wp\/v2\/product_tag?post=10500"}],"curies":[{"name":"wp","href":"https:\/\/api.w.org\/{rel}","templated":true}]}}