{"id":10448,"date":"2024-03-22T22:52:47","date_gmt":"2024-03-23T04:52:47","guid":{"rendered":"https:\/\/nuevocanto.com\/product\/himnos-clasicos-para-violin-y-piano\/"},"modified":"2024-03-22T22:52:47","modified_gmt":"2024-03-23T04:52:47","slug":"himnos-clasicos-para-violin-y-piano","status":"publish","type":"product","link":"https:\/\/nuevocanto.com\/es\/product\/himnos-clasicos-para-violin-y-piano\/","title":{"rendered":"HIMNOS CL\u00c1SICOS PARA VIOL\u00cdN Y PIANO"},"content":{"rendered":"<p>Himnos Cl\u00e1sicos para Viol\u00edn y Piano<br \/>\nSolos avanzados para el violinista de la Iglesia.<\/p>\n<p>1. \u00a1Cu\u00e1n firme cimiento!<br \/>\n2. Christmas night<br \/>\n3. Inmortal, Invisible y Sabio Dios<br \/>\n4. Castillo fuerte es nuestro Dios<br \/>\n5. Aleluya, gloria a Cristo<br \/>\n6. Un gran Salvador es Jes\u00fas<br \/>\n7. Con c\u00e1nticos, Se\u00f1or<br \/>\n8. \u00a1Alaba!<\/p>\n<p>CLASSIC HYMNS FOR VIOLIN AND PIANO<\/p>\n","protected":false},"excerpt":{"rendered":"<p>Himnos Cl\u00e1sicos para Viol\u00edn y Piano Solos avanzados para el violinista de la Iglesia. 1. \u00a1Cu\u00e1n firme cimiento! 2. Christmas night 3. Inmortal, Invisible y Sabio Dios 4. Castillo fuerte es nuestro Dios 5. Aleluya, gloria a Cristo 6. Un gran Salvador es Jes\u00fas 7. Con c\u00e1nticos, Se\u00f1or 8. \u00a1Alaba! CLASSIC HYMNS FOR VIOLIN AND [&hellip;]<\/p>\n","protected":false},"featured_media":17150,"comment_status":"closed","ping_status":"closed","template":"","meta":[],"product_brand":[],"product_cat":[90,94,95],"product_tag":[],"class_list":{"0":"post-10448","1":"product","2":"type-product","3":"status-publish","4":"has-post-thumbnail","6":"product_cat-partituras-metodos","7":"product_cat-piano","8":"product_cat-violin","10":"first","11":"instock","12":"purchasable","13":"product-type-simple"},"acf":[],"_links":{"self":[{"href":"https:\/\/nuevocanto.com\/es\/wp-json\/wp\/v2\/product\/10448","targetHints":{"allow":["GET"]}}],"collection":[{"href":"https:\/\/nuevocanto.com\/es\/wp-json\/wp\/v2\/product"}],"about":[{"href":"https:\/\/nuevocanto.com\/es\/wp-json\/wp\/v2\/types\/product"}],"replies":[{"embeddable":true,"href":"https:\/\/nuevocanto.com\/es\/wp-json\/wp\/v2\/comments?post=10448"}],"version-history":[{"count":0,"href":"https:\/\/nuevocanto.com\/es\/wp-json\/wp\/v2\/product\/10448\/revisions"}],"wp:featuredmedia":[{"embeddable":true,"href":"https:\/\/nuevocanto.com\/es\/wp-json\/wp\/v2\/media\/17150"}],"wp:attachment":[{"href":"https:\/\/nuevocanto.com\/es\/wp-json\/wp\/v2\/media?parent=10448"}],"wp:term":[{"taxonomy":"product_brand","embeddable":true,"href":"https:\/\/nuevocanto.com\/es\/wp-json\/wp\/v2\/product_brand?post=10448"},{"taxonomy":"product_cat","embeddable":true,"href":"https:\/\/nuevocanto.com\/es\/wp-json\/wp\/v2\/product_cat?post=10448"},{"taxonomy":"product_tag","embeddable":true,"href":"https:\/\/nuevocanto.com\/es\/wp-json\/wp\/v2\/product_tag?post=10448"}],"curies":[{"name":"wp","href":"https:\/\/api.w.org\/{rel}","templated":true}]}}