{"id":10436,"date":"2024-03-22T22:52:47","date_gmt":"2024-03-23T04:52:47","guid":{"rendered":"https:\/\/nuevocanto.com\/product\/himnos-en-piano-para-el-maestro\/"},"modified":"2024-03-22T22:52:47","modified_gmt":"2024-03-23T04:52:47","slug":"himnos-en-piano-para-el-maestro","status":"publish","type":"product","link":"https:\/\/nuevocanto.com\/es\/product\/himnos-en-piano-para-el-maestro\/","title":{"rendered":"HIMNOS PARA EL MAESTRO"},"content":{"rendered":"<p>Himnos en Piano para el Maestro<br \/>\n15 Himnos favoritos para ser interpretados individualmente<\/p>\n<p>1. Oh, criaturas del Se\u00f1or<br \/>\n2. Loores dad a Cristo el Rey<br \/>\n3. Sublime Gracia<br \/>\n4. S\u00e9 t\u00fa mi visi\u00f3n<br \/>\n5. A Cristo Coronad<br \/>\n6. Por la belleza terrenal<br \/>\n7. God of grace and God of glory<br \/>\n8. Te amo<br \/>\n9. Cantad alegres al Se\u00f1or<br \/>\n10. Jubilosos, te adoramos<br \/>\n11. Mi fe espera en ti<br \/>\n12. Cristo, cual Pastor, oh gu\u00eda<br \/>\n13. Take my life and let it be<br \/>\n14. El mundo es de mi Dios<br \/>\n15. La cruz excelsa<\/p>\n<p>HYMNS FOR THE MASTER PIANO ACCOMPANIMENT<\/p>\n","protected":false},"excerpt":{"rendered":"<p>Himnos en Piano para el Maestro 15 Himnos favoritos para ser interpretados individualmente 1. Oh, criaturas del Se\u00f1or 2. Loores dad a Cristo el Rey 3. Sublime Gracia 4. S\u00e9 t\u00fa mi visi\u00f3n 5. A Cristo Coronad 6. Por la belleza terrenal 7. God of grace and God of glory 8. Te amo 9. Cantad [&hellip;]<\/p>\n","protected":false},"featured_media":16804,"comment_status":"closed","ping_status":"closed","template":"","meta":[],"product_brand":[],"product_cat":[93,90],"product_tag":[],"class_list":{"0":"post-10436","1":"product","2":"type-product","3":"status-publish","4":"has-post-thumbnail","6":"product_cat-alientos","7":"product_cat-partituras-metodos","9":"first","10":"instock","11":"purchasable","12":"product-type-simple"},"acf":[],"_links":{"self":[{"href":"https:\/\/nuevocanto.com\/es\/wp-json\/wp\/v2\/product\/10436","targetHints":{"allow":["GET"]}}],"collection":[{"href":"https:\/\/nuevocanto.com\/es\/wp-json\/wp\/v2\/product"}],"about":[{"href":"https:\/\/nuevocanto.com\/es\/wp-json\/wp\/v2\/types\/product"}],"replies":[{"embeddable":true,"href":"https:\/\/nuevocanto.com\/es\/wp-json\/wp\/v2\/comments?post=10436"}],"version-history":[{"count":0,"href":"https:\/\/nuevocanto.com\/es\/wp-json\/wp\/v2\/product\/10436\/revisions"}],"wp:featuredmedia":[{"embeddable":true,"href":"https:\/\/nuevocanto.com\/es\/wp-json\/wp\/v2\/media\/16804"}],"wp:attachment":[{"href":"https:\/\/nuevocanto.com\/es\/wp-json\/wp\/v2\/media?parent=10436"}],"wp:term":[{"taxonomy":"product_brand","embeddable":true,"href":"https:\/\/nuevocanto.com\/es\/wp-json\/wp\/v2\/product_brand?post=10436"},{"taxonomy":"product_cat","embeddable":true,"href":"https:\/\/nuevocanto.com\/es\/wp-json\/wp\/v2\/product_cat?post=10436"},{"taxonomy":"product_tag","embeddable":true,"href":"https:\/\/nuevocanto.com\/es\/wp-json\/wp\/v2\/product_tag?post=10436"}],"curies":[{"name":"wp","href":"https:\/\/api.w.org\/{rel}","templated":true}]}}