{"id":10316,"date":"2024-03-22T22:49:02","date_gmt":"2024-03-23T04:49:02","guid":{"rendered":"https:\/\/nuevocanto.com\/product\/una-docena-al-dia-libro-dos\/"},"modified":"2024-03-22T22:49:02","modified_gmt":"2024-03-23T04:49:02","slug":"una-docena-al-dia-libro-dos","status":"publish","type":"product","link":"https:\/\/nuevocanto.com\/es\/product\/una-docena-al-dia-libro-dos\/","title":{"rendered":"&#8220;UNA DOCENA AL D\u00cdA&#8221; LIBRO DOS"},"content":{"rendered":"<p>\u00a8UNA DOCENA AL D\u00cdA&#8221; LIBRO DOS<br \/>\nEjercicios T\u00e9cnicos para el piano para hacerse cada d\u00eda antes de la pr\u00e1ctica.<\/p>\n","protected":false},"excerpt":{"rendered":"<p>\u00a8UNA DOCENA AL D\u00cdA&#8221; LIBRO DOS Ejercicios T\u00e9cnicos para el piano para hacerse cada d\u00eda antes de la pr\u00e1ctica.<\/p>\n","protected":false},"featured_media":17300,"comment_status":"closed","ping_status":"closed","template":"","meta":[],"product_brand":[],"product_cat":[90,94],"product_tag":[],"class_list":{"0":"post-10316","1":"product","2":"type-product","3":"status-publish","4":"has-post-thumbnail","6":"product_cat-partituras-metodos","7":"product_cat-piano","9":"first","10":"instock","11":"purchasable","12":"product-type-simple"},"acf":[],"_links":{"self":[{"href":"https:\/\/nuevocanto.com\/es\/wp-json\/wp\/v2\/product\/10316","targetHints":{"allow":["GET"]}}],"collection":[{"href":"https:\/\/nuevocanto.com\/es\/wp-json\/wp\/v2\/product"}],"about":[{"href":"https:\/\/nuevocanto.com\/es\/wp-json\/wp\/v2\/types\/product"}],"replies":[{"embeddable":true,"href":"https:\/\/nuevocanto.com\/es\/wp-json\/wp\/v2\/comments?post=10316"}],"version-history":[{"count":0,"href":"https:\/\/nuevocanto.com\/es\/wp-json\/wp\/v2\/product\/10316\/revisions"}],"wp:featuredmedia":[{"embeddable":true,"href":"https:\/\/nuevocanto.com\/es\/wp-json\/wp\/v2\/media\/17300"}],"wp:attachment":[{"href":"https:\/\/nuevocanto.com\/es\/wp-json\/wp\/v2\/media?parent=10316"}],"wp:term":[{"taxonomy":"product_brand","embeddable":true,"href":"https:\/\/nuevocanto.com\/es\/wp-json\/wp\/v2\/product_brand?post=10316"},{"taxonomy":"product_cat","embeddable":true,"href":"https:\/\/nuevocanto.com\/es\/wp-json\/wp\/v2\/product_cat?post=10316"},{"taxonomy":"product_tag","embeddable":true,"href":"https:\/\/nuevocanto.com\/es\/wp-json\/wp\/v2\/product_tag?post=10316"}],"curies":[{"name":"wp","href":"https:\/\/api.w.org\/{rel}","templated":true}]}}