{"id":10271,"date":"2024-03-22T22:47:36","date_gmt":"2024-03-23T04:47:36","guid":{"rendered":"https:\/\/nuevocanto.com\/product\/himnos-clasicos-para-piano-avanzado\/"},"modified":"2024-03-22T22:47:36","modified_gmt":"2024-03-23T04:47:36","slug":"himnos-clasicos-para-piano-avanzado","status":"publish","type":"product","link":"https:\/\/nuevocanto.com\/es\/product\/himnos-clasicos-para-piano-avanzado\/","title":{"rendered":"HIMNOS CL\u00c1SICOS PARA PIANO AVANZADO"},"content":{"rendered":"<p>Himnos Cl\u00e1sicos para Piano Avanzado<br \/>\nGOSPEL CLASSIC ADVANCED PIANO<br \/>\nIncluye CD<\/p>\n<p>12 arreglos art\u00edsticos para servicios de adoraci\u00f3n, conciertos o recitales.<\/p>\n<p>1. He hideth my soul (Mi alma la esconde en la roca)<br \/>\n2. Heavenly sunlight (Andad en el Se\u00f1or)<br \/>\n3. How great thou art (\u00a1Cu\u00e1n grande es \u00e9l!)<br \/>\n4. I will arise and go to Jesus<br \/>\n5. I&#8217;ll fly away<br \/>\n6. The Old rugged cross (En el monte Calvario)<br \/>\n7. On Jordan&#8217;s stormy banks<br \/>\n8. Sweet by and by (Hay un mundo feliz)<br \/>\n9. There is a balm in Gilead<br \/>\n10. When I can read my little clear<br \/>\n11. When the roll is called upon yonder (Cuando anuncie el arc\u00e1ngel)<\/p>\n","protected":false},"excerpt":{"rendered":"<p>Himnos Cl\u00e1sicos para Piano Avanzado GOSPEL CLASSIC ADVANCED PIANO Incluye CD 12 arreglos art\u00edsticos para servicios de adoraci\u00f3n, conciertos o recitales. 1. He hideth my soul (Mi alma la esconde en la roca) 2. Heavenly sunlight (Andad en el Se\u00f1or) 3. How great thou art (\u00a1Cu\u00e1n grande es \u00e9l!) 4. I will arise and go [&hellip;]<\/p>\n","protected":false},"featured_media":17179,"comment_status":"closed","ping_status":"closed","template":"","meta":[],"product_brand":[],"product_cat":[90],"product_tag":[],"class_list":{"0":"post-10271","1":"product","2":"type-product","3":"status-publish","4":"has-post-thumbnail","6":"product_cat-partituras-metodos","8":"first","9":"instock","10":"purchasable","11":"product-type-simple"},"acf":[],"_links":{"self":[{"href":"https:\/\/nuevocanto.com\/es\/wp-json\/wp\/v2\/product\/10271","targetHints":{"allow":["GET"]}}],"collection":[{"href":"https:\/\/nuevocanto.com\/es\/wp-json\/wp\/v2\/product"}],"about":[{"href":"https:\/\/nuevocanto.com\/es\/wp-json\/wp\/v2\/types\/product"}],"replies":[{"embeddable":true,"href":"https:\/\/nuevocanto.com\/es\/wp-json\/wp\/v2\/comments?post=10271"}],"version-history":[{"count":0,"href":"https:\/\/nuevocanto.com\/es\/wp-json\/wp\/v2\/product\/10271\/revisions"}],"wp:featuredmedia":[{"embeddable":true,"href":"https:\/\/nuevocanto.com\/es\/wp-json\/wp\/v2\/media\/17179"}],"wp:attachment":[{"href":"https:\/\/nuevocanto.com\/es\/wp-json\/wp\/v2\/media?parent=10271"}],"wp:term":[{"taxonomy":"product_brand","embeddable":true,"href":"https:\/\/nuevocanto.com\/es\/wp-json\/wp\/v2\/product_brand?post=10271"},{"taxonomy":"product_cat","embeddable":true,"href":"https:\/\/nuevocanto.com\/es\/wp-json\/wp\/v2\/product_cat?post=10271"},{"taxonomy":"product_tag","embeddable":true,"href":"https:\/\/nuevocanto.com\/es\/wp-json\/wp\/v2\/product_tag?post=10271"}],"curies":[{"name":"wp","href":"https:\/\/api.w.org\/{rel}","templated":true}]}}