{"id":10110,"date":"2024-03-22T22:41:46","date_gmt":"2024-03-23T04:41:46","guid":{"rendered":"https:\/\/nuevocanto.com\/product\/tarjetas-musicales\/"},"modified":"2024-03-22T22:41:46","modified_gmt":"2024-03-23T04:41:46","slug":"tarjetas-musicales","status":"publish","type":"product","link":"https:\/\/nuevocanto.com\/es\/product\/tarjetas-musicales\/","title":{"rendered":"TARJETAS MUSICALES"},"content":{"rendered":"<p>Tarjetas musicales.<br \/>\nIncluyen todas las notas, s\u00edmbolos y t\u00e9rminos musicales.<br \/>\nContenido en ingl\u00e9s.<\/p>\n","protected":false},"excerpt":{"rendered":"<p>Tarjetas musicales. Incluyen todas las notas, s\u00edmbolos y t\u00e9rminos musicales. Contenido en ingl\u00e9s.<\/p>\n","protected":false},"featured_media":17252,"comment_status":"closed","ping_status":"closed","template":"","meta":[],"product_brand":[],"product_cat":[87,86],"product_tag":[],"class_list":{"0":"post-10110","1":"product","2":"type-product","3":"status-publish","4":"has-post-thumbnail","6":"product_cat-didacticos","7":"product_cat-juegos","9":"first","10":"instock","11":"purchasable","12":"product-type-simple"},"acf":[],"_links":{"self":[{"href":"https:\/\/nuevocanto.com\/es\/wp-json\/wp\/v2\/product\/10110","targetHints":{"allow":["GET"]}}],"collection":[{"href":"https:\/\/nuevocanto.com\/es\/wp-json\/wp\/v2\/product"}],"about":[{"href":"https:\/\/nuevocanto.com\/es\/wp-json\/wp\/v2\/types\/product"}],"replies":[{"embeddable":true,"href":"https:\/\/nuevocanto.com\/es\/wp-json\/wp\/v2\/comments?post=10110"}],"version-history":[{"count":0,"href":"https:\/\/nuevocanto.com\/es\/wp-json\/wp\/v2\/product\/10110\/revisions"}],"wp:featuredmedia":[{"embeddable":true,"href":"https:\/\/nuevocanto.com\/es\/wp-json\/wp\/v2\/media\/17252"}],"wp:attachment":[{"href":"https:\/\/nuevocanto.com\/es\/wp-json\/wp\/v2\/media?parent=10110"}],"wp:term":[{"taxonomy":"product_brand","embeddable":true,"href":"https:\/\/nuevocanto.com\/es\/wp-json\/wp\/v2\/product_brand?post=10110"},{"taxonomy":"product_cat","embeddable":true,"href":"https:\/\/nuevocanto.com\/es\/wp-json\/wp\/v2\/product_cat?post=10110"},{"taxonomy":"product_tag","embeddable":true,"href":"https:\/\/nuevocanto.com\/es\/wp-json\/wp\/v2\/product_tag?post=10110"}],"curies":[{"name":"wp","href":"https:\/\/api.w.org\/{rel}","templated":true}]}}