{"id":10081,"date":"2024-03-22T22:40:44","date_gmt":"2024-03-23T04:40:44","guid":{"rendered":"https:\/\/nuevocanto.com\/product\/cascabeles-para-tobillo-o-muneca\/"},"modified":"2026-02-05T22:18:38","modified_gmt":"2026-02-05T22:18:38","slug":"cascabeles-para-tobillo-o-muneca","status":"publish","type":"product","link":"https:\/\/nuevocanto.com\/es\/product\/cascabeles-para-tobillo-o-muneca\/","title":{"rendered":"CASCABELES PARA TOBILLO O MU\u00d1ECA"},"content":{"rendered":"<p>Cascabeles de correa morada con velcro, \u00fatiles para los tobillos o mu\u00f1ecas.<\/p>\n","protected":false},"excerpt":{"rendered":"<p>Cascabeles de correa morada con velcro, \u00fatiles para los tobillos o mu\u00f1ecas.<\/p>\n","protected":false},"featured_media":17263,"comment_status":"closed","ping_status":"closed","template":"","meta":[],"product_brand":[],"product_cat":[85],"product_tag":[],"class_list":{"0":"post-10081","1":"product","2":"type-product","3":"status-publish","4":"has-post-thumbnail","6":"product_cat-instrumentos-musicales","8":"first","9":"instock","10":"purchasable","11":"product-type-simple"},"acf":[],"_links":{"self":[{"href":"https:\/\/nuevocanto.com\/es\/wp-json\/wp\/v2\/product\/10081","targetHints":{"allow":["GET"]}}],"collection":[{"href":"https:\/\/nuevocanto.com\/es\/wp-json\/wp\/v2\/product"}],"about":[{"href":"https:\/\/nuevocanto.com\/es\/wp-json\/wp\/v2\/types\/product"}],"replies":[{"embeddable":true,"href":"https:\/\/nuevocanto.com\/es\/wp-json\/wp\/v2\/comments?post=10081"}],"version-history":[{"count":1,"href":"https:\/\/nuevocanto.com\/es\/wp-json\/wp\/v2\/product\/10081\/revisions"}],"predecessor-version":[{"id":23328,"href":"https:\/\/nuevocanto.com\/es\/wp-json\/wp\/v2\/product\/10081\/revisions\/23328"}],"wp:featuredmedia":[{"embeddable":true,"href":"https:\/\/nuevocanto.com\/es\/wp-json\/wp\/v2\/media\/17263"}],"wp:attachment":[{"href":"https:\/\/nuevocanto.com\/es\/wp-json\/wp\/v2\/media?parent=10081"}],"wp:term":[{"taxonomy":"product_brand","embeddable":true,"href":"https:\/\/nuevocanto.com\/es\/wp-json\/wp\/v2\/product_brand?post=10081"},{"taxonomy":"product_cat","embeddable":true,"href":"https:\/\/nuevocanto.com\/es\/wp-json\/wp\/v2\/product_cat?post=10081"},{"taxonomy":"product_tag","embeddable":true,"href":"https:\/\/nuevocanto.com\/es\/wp-json\/wp\/v2\/product_tag?post=10081"}],"curies":[{"name":"wp","href":"https:\/\/api.w.org\/{rel}","templated":true}]}}