{"id":25732,"date":"2025-12-31T15:23:12","date_gmt":"2025-12-31T15:23:12","guid":{"rendered":"https:\/\/nuevocanto.com\/instructors-2\/"},"modified":"2025-12-31T15:23:12","modified_gmt":"2025-12-31T15:23:12","slug":"instructors-2","status":"publish","type":"page","link":"https:\/\/nuevocanto.com\/es\/instructors-2\/","title":{"rendered":"Instructors"},"content":{"rendered":"\t\t<div class=\"ld-dashboard-instructors-shortcode-wrapper\">\n\t\t\t<div class=\"ld-dashboard-instructors-list\" style=\"grid-template-columns: repeat(4, 1fr);\">\n\t\t\t\t\t\t\t\t\t\t<div class=\"ld-dashboard-instructor-list-grid\">\n\t\t\t\t\t\t\t<a href=\"https:\/\/nuevocanto.com\/es\/instructors\/miguel.flores tornez\" class=\"ld-dashboard-instructor-list\">\n\t\t\t\t\t\t\t\t<!-- <div class=\"ld-dashboard-instructor-cover-bg\"><\/div> -->\n\t\t\t\t\t\t\t\t<div class=\"ld-dashboard-instructor-profile-photo\"><img alt='' src='https:\/\/nuevocanto.com\/wp-content\/plugins\/ld-dashboard\/public\/img\/img_avatar.png' srcset='https:\/\/nuevocanto.com\/wp-content\/plugins\/ld-dashboard\/public\/img\/img_avatar.png 2x' class='avatar avatar-320 photo avatar-default' height='320' width='320' \/><\/div>\n\t\t\t\t\t\t\t\t<div class=\"ld-dashboard-instructor-card-body\">\n\t\t\t\t\t\t\t\t<h4 class=\"ld-dashboard-instructor-name\">Miguel Flores Tornez<\/h4>\n\t\t\t\t\t\t\t\t<div class=\"ld-dashboard-instructor-course-count\">\n\t\t\t\t\t\t\t\t\t<span class=\"ld-dashboard-ins-course-count\">1<\/span>\n\t\t\t\t\t\t\t\t\t<span class=\"ld-dashboard-ins-course-text\">Courses<\/span>\n\t\t\t\t\t\t\t\t<\/div>\n\t\t\t\t\t\t\t\t<\/div>\n\t\t\t\t\t\t\t<\/a>\n\t\t\t\t\t\t\t<\/div>\n\t\t\t\t\t\t\t\t\t\t\t\t\t<div class=\"ld-dashboard-instructor-list-grid\">\n\t\t\t\t\t\t\t<a href=\"https:\/\/nuevocanto.com\/es\/instructors\/Miss Claudia\" class=\"ld-dashboard-instructor-list\">\n\t\t\t\t\t\t\t\t<!-- <div class=\"ld-dashboard-instructor-cover-bg\"><\/div> -->\n\t\t\t\t\t\t\t\t<div class=\"ld-dashboard-instructor-profile-photo\"><img alt='' src='https:\/\/nuevocanto.com\/wp-content\/plugins\/ld-dashboard\/public\/img\/img_avatar.png' srcset='https:\/\/nuevocanto.com\/wp-content\/plugins\/ld-dashboard\/public\/img\/img_avatar.png 2x' class='avatar avatar-320 photo avatar-default' height='320' width='320' \/><\/div>\n\t\t\t\t\t\t\t\t<div class=\"ld-dashboard-instructor-card-body\">\n\t\t\t\t\t\t\t\t<h4 class=\"ld-dashboard-instructor-name\">Claudia Zepeda<\/h4>\n\t\t\t\t\t\t\t\t<div class=\"ld-dashboard-instructor-course-count\">\n\t\t\t\t\t\t\t\t\t<span class=\"ld-dashboard-ins-course-count\">45<\/span>\n\t\t\t\t\t\t\t\t\t<span class=\"ld-dashboard-ins-course-text\">Courses<\/span>\n\t\t\t\t\t\t\t\t<\/div>\n\t\t\t\t\t\t\t\t<\/div>\n\t\t\t\t\t\t\t<\/a>\n\t\t\t\t\t\t\t<\/div>\n\t\t\t\t\t\t\t\t\t\t\t\t\t<div class=\"ld-dashboard-instructor-list-grid\">\n\t\t\t\t\t\t\t<a href=\"https:\/\/nuevocanto.com\/es\/instructors\/Prof. Angel\" class=\"ld-dashboard-instructor-list\">\n\t\t\t\t\t\t\t\t<!-- <div class=\"ld-dashboard-instructor-cover-bg\"><\/div> -->\n\t\t\t\t\t\t\t\t<div class=\"ld-dashboard-instructor-profile-photo\"><img alt='' src='https:\/\/nuevocanto.com\/wp-content\/plugins\/ld-dashboard\/public\/img\/img_avatar.png' srcset='https:\/\/nuevocanto.com\/wp-content\/plugins\/ld-dashboard\/public\/img\/img_avatar.png 2x' class='avatar avatar-320 photo avatar-default' height='320' width='320' \/><\/div>\n\t\t\t\t\t\t\t\t<div class=\"ld-dashboard-instructor-card-body\">\n\t\t\t\t\t\t\t\t<h4 class=\"ld-dashboard-instructor-name\">\u00c1ngel Edra\u00ed Nieto Sol\u00eds<\/h4>\n\t\t\t\t\t\t\t\t<div class=\"ld-dashboard-instructor-course-count\">\n\t\t\t\t\t\t\t\t\t<span class=\"ld-dashboard-ins-course-count\">6<\/span>\n\t\t\t\t\t\t\t\t\t<span class=\"ld-dashboard-ins-course-text\">Courses<\/span>\n\t\t\t\t\t\t\t\t<\/div>\n\t\t\t\t\t\t\t\t<\/div>\n\t\t\t\t\t\t\t<\/a>\n\t\t\t\t\t\t\t<\/div>\n\t\t\t\t\t\t\t\t\t\t<\/div>\n\t\t<\/div>\n\t\t\t\n","protected":false},"excerpt":{"rendered":"","protected":false},"author":1,"featured_media":0,"parent":0,"menu_order":0,"comment_status":"closed","ping_status":"closed","template":"","meta":{"footnotes":""},"class_list":["post-25732","page","type-page","status-publish","hentry"],"acf":[],"_hostinger_reach_plugin_has_subscription_block":false,"_hostinger_reach_plugin_is_elementor":false,"_links":{"self":[{"href":"https:\/\/nuevocanto.com\/es\/wp-json\/wp\/v2\/pages\/25732","targetHints":{"allow":["GET"]}}],"collection":[{"href":"https:\/\/nuevocanto.com\/es\/wp-json\/wp\/v2\/pages"}],"about":[{"href":"https:\/\/nuevocanto.com\/es\/wp-json\/wp\/v2\/types\/page"}],"author":[{"embeddable":true,"href":"https:\/\/nuevocanto.com\/es\/wp-json\/wp\/v2\/users\/1"}],"replies":[{"embeddable":true,"href":"https:\/\/nuevocanto.com\/es\/wp-json\/wp\/v2\/comments?post=25732"}],"version-history":[{"count":0,"href":"https:\/\/nuevocanto.com\/es\/wp-json\/wp\/v2\/pages\/25732\/revisions"}],"wp:attachment":[{"href":"https:\/\/nuevocanto.com\/es\/wp-json\/wp\/v2\/media?parent=25732"}],"curies":[{"name":"wp","href":"https:\/\/api.w.org\/{rel}","templated":true}]}}