{"id":23348,"date":"2025-11-06T10:23:11","date_gmt":"2025-11-06T10:23:11","guid":{"rendered":"https:\/\/darkgrey-koala-449806.hostingersite.com\/instructors\/"},"modified":"2025-11-15T07:31:42","modified_gmt":"2025-11-15T07:31:42","slug":"instructors","status":"publish","type":"page","link":"https:\/\/nuevocanto.com\/es\/instructors\/","title":{"rendered":"Maestros"},"content":{"rendered":"\t\t<div class=\"ld-dashboard-instructors-shortcode-wrapper\">\n\t\t\t<div class=\"ld-dashboard-instructors-list\" style=\"grid-template-columns: repeat(4, 1fr);\">\n\t\t\t\t\t\t\t\t\t\t<div class=\"ld-dashboard-instructor-list-grid\">\n\t\t\t\t\t\t\t<a href=\"https:\/\/nuevocanto.com\/es\/instructors\/miguel.flores tornez\" class=\"ld-dashboard-instructor-list\">\n\t\t\t\t\t\t\t\t<!-- <div class=\"ld-dashboard-instructor-cover-bg\"><\/div> -->\n\t\t\t\t\t\t\t\t<div class=\"ld-dashboard-instructor-profile-photo\"><img alt='' src='https:\/\/nuevocanto.com\/wp-content\/plugins\/ld-dashboard\/public\/img\/img_avatar.png' srcset='https:\/\/nuevocanto.com\/wp-content\/plugins\/ld-dashboard\/public\/img\/img_avatar.png 2x' class='avatar avatar-320 photo avatar-default' height='320' width='320' \/><\/div>\n\t\t\t\t\t\t\t\t<div class=\"ld-dashboard-instructor-card-body\">\n\t\t\t\t\t\t\t\t<h4 class=\"ld-dashboard-instructor-name\">Miguel Flores Tornez<\/h4>\n\t\t\t\t\t\t\t\t<div class=\"ld-dashboard-instructor-course-count\">\n\t\t\t\t\t\t\t\t\t<span class=\"ld-dashboard-ins-course-count\">1<\/span>\n\t\t\t\t\t\t\t\t\t<span class=\"ld-dashboard-ins-course-text\">Courses<\/span>\n\t\t\t\t\t\t\t\t<\/div>\n\t\t\t\t\t\t\t\t<\/div>\n\t\t\t\t\t\t\t<\/a>\n\t\t\t\t\t\t\t<\/div>\n\t\t\t\t\t\t\t\t\t\t\t\t\t<div class=\"ld-dashboard-instructor-list-grid\">\n\t\t\t\t\t\t\t<a href=\"https:\/\/nuevocanto.com\/es\/instructors\/Miss Claudia\" class=\"ld-dashboard-instructor-list\">\n\t\t\t\t\t\t\t\t<!-- <div class=\"ld-dashboard-instructor-cover-bg\"><\/div> -->\n\t\t\t\t\t\t\t\t<div class=\"ld-dashboard-instructor-profile-photo\"><img alt='' src='https:\/\/nuevocanto.com\/wp-content\/plugins\/ld-dashboard\/public\/img\/img_avatar.png' srcset='https:\/\/nuevocanto.com\/wp-content\/plugins\/ld-dashboard\/public\/img\/img_avatar.png 2x' class='avatar avatar-320 photo avatar-default' height='320' width='320' \/><\/div>\n\t\t\t\t\t\t\t\t<div class=\"ld-dashboard-instructor-card-body\">\n\t\t\t\t\t\t\t\t<h4 class=\"ld-dashboard-instructor-name\">Claudia Zepeda<\/h4>\n\t\t\t\t\t\t\t\t<div class=\"ld-dashboard-instructor-course-count\">\n\t\t\t\t\t\t\t\t\t<span class=\"ld-dashboard-ins-course-count\">45<\/span>\n\t\t\t\t\t\t\t\t\t<span class=\"ld-dashboard-ins-course-text\">Courses<\/span>\n\t\t\t\t\t\t\t\t<\/div>\n\t\t\t\t\t\t\t\t<\/div>\n\t\t\t\t\t\t\t<\/a>\n\t\t\t\t\t\t\t<\/div>\n\t\t\t\t\t\t\t\t\t\t\t\t\t<div class=\"ld-dashboard-instructor-list-grid\">\n\t\t\t\t\t\t\t<a href=\"https:\/\/nuevocanto.com\/es\/instructors\/Prof. Angel\" class=\"ld-dashboard-instructor-list\">\n\t\t\t\t\t\t\t\t<!-- <div class=\"ld-dashboard-instructor-cover-bg\"><\/div> -->\n\t\t\t\t\t\t\t\t<div class=\"ld-dashboard-instructor-profile-photo\"><img alt='' src='https:\/\/nuevocanto.com\/wp-content\/plugins\/ld-dashboard\/public\/img\/img_avatar.png' srcset='https:\/\/nuevocanto.com\/wp-content\/plugins\/ld-dashboard\/public\/img\/img_avatar.png 2x' class='avatar avatar-320 photo avatar-default' height='320' width='320' \/><\/div>\n\t\t\t\t\t\t\t\t<div class=\"ld-dashboard-instructor-card-body\">\n\t\t\t\t\t\t\t\t<h4 class=\"ld-dashboard-instructor-name\">\u00c1ngel Edra\u00ed Nieto Sol\u00eds<\/h4>\n\t\t\t\t\t\t\t\t<div class=\"ld-dashboard-instructor-course-count\">\n\t\t\t\t\t\t\t\t\t<span class=\"ld-dashboard-ins-course-count\">6<\/span>\n\t\t\t\t\t\t\t\t\t<span class=\"ld-dashboard-ins-course-text\">Courses<\/span>\n\t\t\t\t\t\t\t\t<\/div>\n\t\t\t\t\t\t\t\t<\/div>\n\t\t\t\t\t\t\t<\/a>\n\t\t\t\t\t\t\t<\/div>\n\t\t\t\t\t\t\t\t\t\t<\/div>\n\t\t<\/div>\n\t\t\t\n","protected":false},"excerpt":{"rendered":"","protected":false},"author":1,"featured_media":0,"parent":0,"menu_order":0,"comment_status":"closed","ping_status":"closed","template":"","meta":{"footnotes":""},"class_list":["post-23348","page","type-page","status-publish","hentry"],"acf":[],"_hostinger_reach_plugin_has_subscription_block":false,"_hostinger_reach_plugin_is_elementor":false,"_links":{"self":[{"href":"https:\/\/nuevocanto.com\/es\/wp-json\/wp\/v2\/pages\/23348","targetHints":{"allow":["GET"]}}],"collection":[{"href":"https:\/\/nuevocanto.com\/es\/wp-json\/wp\/v2\/pages"}],"about":[{"href":"https:\/\/nuevocanto.com\/es\/wp-json\/wp\/v2\/types\/page"}],"author":[{"embeddable":true,"href":"https:\/\/nuevocanto.com\/es\/wp-json\/wp\/v2\/users\/1"}],"replies":[{"embeddable":true,"href":"https:\/\/nuevocanto.com\/es\/wp-json\/wp\/v2\/comments?post=23348"}],"version-history":[{"count":2,"href":"https:\/\/nuevocanto.com\/es\/wp-json\/wp\/v2\/pages\/23348\/revisions"}],"predecessor-version":[{"id":24747,"href":"https:\/\/nuevocanto.com\/es\/wp-json\/wp\/v2\/pages\/23348\/revisions\/24747"}],"wp:attachment":[{"href":"https:\/\/nuevocanto.com\/es\/wp-json\/wp\/v2\/media?parent=23348"}],"curies":[{"name":"wp","href":"https:\/\/api.w.org\/{rel}","templated":true}]}}