{"id":20259,"date":"2025-10-07T15:58:24","date_gmt":"2025-10-07T21:58:24","guid":{"rendered":"https:\/\/nuevocanto.com\/?post_type=product&#038;p=20210"},"modified":"2026-02-03T16:13:09","modified_gmt":"2026-02-03T16:13:09","slug":"flauta-de-envolo-metal","status":"publish","type":"product","link":"https:\/\/nuevocanto.com\/en\/product\/flauta-de-envolo-metal\/","title":{"rendered":"FLAUTA DE \u00c9MBOLO METAL"},"content":{"rendered":"<div class=\"WaaZC\">\n<div class=\"RJPOee EIJn2\">\n<h4 class=\"rPeykc\" data-hveid=\"CAIQAQ\" data-ved=\"2ahUKEwiHwLmiipOQAxWznWoFHYJQE5EQo_EKegQIAhAB\"><span data-huuid=\"175845187022811351\">Slide Whistle.<br \/>\nFlauta de \u00c9mbolo de metal de calidad profesional. Ideal para practicar la soplada, la discriminaci\u00f3n auditiva y la coordinaci\u00f3n fonorespiratoria, con aplicaciones en educaci\u00f3n musical para ni\u00f1os, y tambi\u00e9n usada en m\u00fasica festiva y folcl\u00f3rica por su sonido distintivo.<span class=\"pjBG2e\" data-cid=\"ac9fcaa0-d800-4192-b8ec-4286820fe551\"><span class=\"UV3uM\">\u00a0<\/span><\/span><\/span><\/h4>\n<div class=\"NPrrbc\" data-cid=\"ac9fcaa0-d800-4192-b8ec-4286820fe551\" data-uuids=\"175845187022811351\">\n<div class=\"BMebGe btku5b LwdV0e FR7ZSc OJeuxf\" role=\"button\" aria-label=\"Ver v\u00ednculos relacionados\" data-hveid=\"CAMQAg\" data-ved=\"2ahUKEwiHwLmiipOQAxWznWoFHYJQE5EQ3fYKegQIAxAC\">\n<div class=\"niO4u\"><\/div>\n<\/div>\n<\/div>\n<\/div>\n<\/div>\n<div class=\"WaaZC\">\n<div class=\"RJPOee EIJn2\"><\/div>\n<\/div>","protected":false},"excerpt":{"rendered":"<p>Slide Whistle. Flauta de \u00c9mbolo de metal de calidad profesional. Ideal para practicar la soplada, la discriminaci\u00f3n auditiva y la coordinaci\u00f3n fonorespiratoria, con aplicaciones en educaci\u00f3n musical para ni\u00f1os, y tambi\u00e9n usada en m\u00fasica festiva y folcl\u00f3rica por su sonido distintivo.\u00a0<\/p>","protected":false},"featured_media":17262,"comment_status":"open","ping_status":"closed","template":"","meta":[],"product_brand":[],"product_cat":[85],"product_tag":[],"class_list":{"0":"post-20259","1":"product","2":"type-product","3":"status-publish","4":"has-post-thumbnail","6":"product_cat-instrumentos-musicales","8":"first","9":"instock","10":"shipping-taxable","11":"purchasable","12":"product-type-simple"},"acf":[],"_links":{"self":[{"href":"https:\/\/nuevocanto.com\/en\/wp-json\/wp\/v2\/product\/20259","targetHints":{"allow":["GET"]}}],"collection":[{"href":"https:\/\/nuevocanto.com\/en\/wp-json\/wp\/v2\/product"}],"about":[{"href":"https:\/\/nuevocanto.com\/en\/wp-json\/wp\/v2\/types\/product"}],"replies":[{"embeddable":true,"href":"https:\/\/nuevocanto.com\/en\/wp-json\/wp\/v2\/comments?post=20259"}],"version-history":[{"count":3,"href":"https:\/\/nuevocanto.com\/en\/wp-json\/wp\/v2\/product\/20259\/revisions"}],"predecessor-version":[{"id":26214,"href":"https:\/\/nuevocanto.com\/en\/wp-json\/wp\/v2\/product\/20259\/revisions\/26214"}],"wp:featuredmedia":[{"embeddable":true,"href":"https:\/\/nuevocanto.com\/en\/wp-json\/wp\/v2\/media\/17262"}],"wp:attachment":[{"href":"https:\/\/nuevocanto.com\/en\/wp-json\/wp\/v2\/media?parent=20259"}],"wp:term":[{"taxonomy":"product_brand","embeddable":true,"href":"https:\/\/nuevocanto.com\/en\/wp-json\/wp\/v2\/product_brand?post=20259"},{"taxonomy":"product_cat","embeddable":true,"href":"https:\/\/nuevocanto.com\/en\/wp-json\/wp\/v2\/product_cat?post=20259"},{"taxonomy":"product_tag","embeddable":true,"href":"https:\/\/nuevocanto.com\/en\/wp-json\/wp\/v2\/product_tag?post=20259"}],"curies":[{"name":"wp","href":"https:\/\/api.w.org\/{rel}","templated":true}]}}