{"id":20068,"date":"2025-08-29T15:19:03","date_gmt":"2025-08-29T21:19:03","guid":{"rendered":"https:\/\/nuevocanto.com\/?post_type=product&#038;p=20068"},"modified":"2025-12-11T19:46:03","modified_gmt":"2025-12-11T19:46:03","slug":"lazo-didactico","status":"publish","type":"product","link":"https:\/\/nuevocanto.com\/en\/product\/lazo-didactico\/","title":{"rendered":"LAZO DID\u00c1CTICO"},"content":{"rendered":"<p>Lazo el\u00e1stico de 4 metros de di\u00e1metro.<br \/>\nCon capacidad de hasta 10 beb\u00e9s<\/p>","protected":false},"excerpt":{"rendered":"<p>Lazo el\u00e1stico de 4 metros de di\u00e1metro. Con capacidad de hasta 10 beb\u00e9s<\/p>","protected":false},"featured_media":0,"comment_status":"open","ping_status":"closed","template":"","meta":[],"product_brand":[],"product_cat":[87],"product_tag":[],"class_list":{"0":"post-20068","1":"product","2":"type-product","3":"status-publish","5":"product_cat-didacticos","7":"first","8":"instock","9":"shipping-taxable","10":"purchasable","11":"product-type-simple"},"acf":[],"_links":{"self":[{"href":"https:\/\/nuevocanto.com\/en\/wp-json\/wp\/v2\/product\/20068","targetHints":{"allow":["GET"]}}],"collection":[{"href":"https:\/\/nuevocanto.com\/en\/wp-json\/wp\/v2\/product"}],"about":[{"href":"https:\/\/nuevocanto.com\/en\/wp-json\/wp\/v2\/types\/product"}],"replies":[{"embeddable":true,"href":"https:\/\/nuevocanto.com\/en\/wp-json\/wp\/v2\/comments?post=20068"}],"version-history":[{"count":3,"href":"https:\/\/nuevocanto.com\/en\/wp-json\/wp\/v2\/product\/20068\/revisions"}],"predecessor-version":[{"id":25630,"href":"https:\/\/nuevocanto.com\/en\/wp-json\/wp\/v2\/product\/20068\/revisions\/25630"}],"wp:attachment":[{"href":"https:\/\/nuevocanto.com\/en\/wp-json\/wp\/v2\/media?parent=20068"}],"wp:term":[{"taxonomy":"product_brand","embeddable":true,"href":"https:\/\/nuevocanto.com\/en\/wp-json\/wp\/v2\/product_brand?post=20068"},{"taxonomy":"product_cat","embeddable":true,"href":"https:\/\/nuevocanto.com\/en\/wp-json\/wp\/v2\/product_cat?post=20068"},{"taxonomy":"product_tag","embeddable":true,"href":"https:\/\/nuevocanto.com\/en\/wp-json\/wp\/v2\/product_tag?post=20068"}],"curies":[{"name":"wp","href":"https:\/\/api.w.org\/{rel}","templated":true}]}}