{"id":19996,"date":"2025-08-19T14:51:35","date_gmt":"2025-08-19T20:51:35","guid":{"rendered":"https:\/\/nuevocanto.com\/?post_type=product&#038;p=19996"},"modified":"2026-02-05T22:23:25","modified_gmt":"2026-02-05T22:23:25","slug":"flauta-de-embolos","status":"publish","type":"product","link":"https:\/\/nuevocanto.com\/en\/product\/flauta-de-embolos\/","title":{"rendered":"FLAUTA DE \u00c9MBOLO PLASTICO"},"content":{"rendered":"<p>FLAUTA DE EMBOLO DE PLASTICO, CREA MELOD\u00cdAS DIVERTIDAS CON EFECTO DESLIZANTE \u00daNICO.<\/p>","protected":false},"excerpt":{"rendered":"<p>FLAUTA DE EMBOLO DE PLASTICO, CREA MELOD\u00cdAS DIVERTIDAS CON EFECTO DESLIZANTE \u00daNICO.<\/p>","protected":false},"featured_media":93,"comment_status":"open","ping_status":"closed","template":"","meta":[],"product_brand":[],"product_cat":[85],"product_tag":[],"class_list":{"0":"post-19996","1":"product","2":"type-product","3":"status-publish","4":"has-post-thumbnail","6":"product_cat-instrumentos-musicales","8":"first","9":"instock","10":"shipping-taxable","11":"purchasable","12":"product-type-simple"},"acf":[],"_links":{"self":[{"href":"https:\/\/nuevocanto.com\/en\/wp-json\/wp\/v2\/product\/19996","targetHints":{"allow":["GET"]}}],"collection":[{"href":"https:\/\/nuevocanto.com\/en\/wp-json\/wp\/v2\/product"}],"about":[{"href":"https:\/\/nuevocanto.com\/en\/wp-json\/wp\/v2\/types\/product"}],"replies":[{"embeddable":true,"href":"https:\/\/nuevocanto.com\/en\/wp-json\/wp\/v2\/comments?post=19996"}],"version-history":[{"count":1,"href":"https:\/\/nuevocanto.com\/en\/wp-json\/wp\/v2\/product\/19996\/revisions"}],"predecessor-version":[{"id":26253,"href":"https:\/\/nuevocanto.com\/en\/wp-json\/wp\/v2\/product\/19996\/revisions\/26253"}],"wp:featuredmedia":[{"embeddable":true,"href":"https:\/\/nuevocanto.com\/en\/wp-json\/wp\/v2\/media\/93"}],"wp:attachment":[{"href":"https:\/\/nuevocanto.com\/en\/wp-json\/wp\/v2\/media?parent=19996"}],"wp:term":[{"taxonomy":"product_brand","embeddable":true,"href":"https:\/\/nuevocanto.com\/en\/wp-json\/wp\/v2\/product_brand?post=19996"},{"taxonomy":"product_cat","embeddable":true,"href":"https:\/\/nuevocanto.com\/en\/wp-json\/wp\/v2\/product_cat?post=19996"},{"taxonomy":"product_tag","embeddable":true,"href":"https:\/\/nuevocanto.com\/en\/wp-json\/wp\/v2\/product_tag?post=19996"}],"curies":[{"name":"wp","href":"https:\/\/api.w.org\/{rel}","templated":true}]}}