{"id":19984,"date":"2025-08-19T14:44:21","date_gmt":"2025-08-19T20:44:21","guid":{"rendered":"https:\/\/nuevocanto.com\/?post_type=product&#038;p=19984"},"modified":"2025-11-05T23:39:07","modified_gmt":"2025-11-05T23:39:07","slug":"castanuelas-2","status":"publish","type":"product","link":"https:\/\/nuevocanto.com\/en\/product\/castanuelas-2\/","title":{"rendered":"CASTA\u00d1UELAS DE COLOR"},"content":{"rendered":"<p>CASTA\u00d1UELAS DE PLASTICO DE 2 PULGADAS DE DI\u00c1METRO<\/p>\n<p>CREA SONIDO TRADICIONAL Y ALEGRE PARA DAR RITMO A TU M\u00daSICA.<\/p>","protected":false},"excerpt":{"rendered":"<p>CASTA\u00d1UELAS DE PLASTICO DE 2 PULGADAS DE DI\u00c1METRO CREA SONIDO TRADICIONAL Y ALEGRE PARA DAR RITMO A TU M\u00daSICA.<\/p>","protected":false},"featured_media":114,"comment_status":"open","ping_status":"closed","template":"","meta":[],"product_brand":[],"product_cat":[85],"product_tag":[],"class_list":{"0":"post-19984","1":"product","2":"type-product","3":"status-publish","4":"has-post-thumbnail","6":"product_cat-instrumentos-musicales","8":"first","9":"instock","10":"shipping-taxable","11":"purchasable","12":"product-type-simple"},"acf":[],"_links":{"self":[{"href":"https:\/\/nuevocanto.com\/en\/wp-json\/wp\/v2\/product\/19984","targetHints":{"allow":["GET"]}}],"collection":[{"href":"https:\/\/nuevocanto.com\/en\/wp-json\/wp\/v2\/product"}],"about":[{"href":"https:\/\/nuevocanto.com\/en\/wp-json\/wp\/v2\/types\/product"}],"replies":[{"embeddable":true,"href":"https:\/\/nuevocanto.com\/en\/wp-json\/wp\/v2\/comments?post=19984"}],"version-history":[{"count":1,"href":"https:\/\/nuevocanto.com\/en\/wp-json\/wp\/v2\/product\/19984\/revisions"}],"predecessor-version":[{"id":23340,"href":"https:\/\/nuevocanto.com\/en\/wp-json\/wp\/v2\/product\/19984\/revisions\/23340"}],"wp:featuredmedia":[{"embeddable":true,"href":"https:\/\/nuevocanto.com\/en\/wp-json\/wp\/v2\/media\/114"}],"wp:attachment":[{"href":"https:\/\/nuevocanto.com\/en\/wp-json\/wp\/v2\/media?parent=19984"}],"wp:term":[{"taxonomy":"product_brand","embeddable":true,"href":"https:\/\/nuevocanto.com\/en\/wp-json\/wp\/v2\/product_brand?post=19984"},{"taxonomy":"product_cat","embeddable":true,"href":"https:\/\/nuevocanto.com\/en\/wp-json\/wp\/v2\/product_cat?post=19984"},{"taxonomy":"product_tag","embeddable":true,"href":"https:\/\/nuevocanto.com\/en\/wp-json\/wp\/v2\/product_tag?post=19984"}],"curies":[{"name":"wp","href":"https:\/\/api.w.org\/{rel}","templated":true}]}}