{"id":12188,"date":"2024-05-18T23:09:13","date_gmt":"2024-05-19T05:09:13","guid":{"rendered":"https:\/\/nuevocanto.com\/?post_type=product&#038;p=12188"},"modified":"2025-10-14T22:08:52","modified_gmt":"2025-10-14T22:08:52","slug":"gong","status":"publish","type":"product","link":"https:\/\/nuevocanto.com\/en\/product\/gong\/","title":{"rendered":"GONG"},"content":{"rendered":"<p><span id=\"productTitle\" class=\"a-size-large product-title-word-break\">El Gong es un instrumento de percusi\u00f3n de lat\u00f3n. Es un instrumento de percusi\u00f3n chino. Es una aleaci\u00f3n de cobre y acero, usado tambi\u00e9n en el T\u00edbet. Instrumento para ni\u00f1os portatil.<\/span><\/p>","protected":false},"excerpt":{"rendered":"<pre id=\"title\" class=\"a-size-large a-spacing-none\"><span id=\"productTitle\" class=\"a-size-large product-title-word-break\">El Gong es un instrumento de percusi\u00f3n de lat\u00f3n. Es un instrumento de percusi\u00f3n chino. Es una aleaci\u00f3n de cobre y acero, usado tambi\u00e9n en el T\u00edbet. Instrumento para ni\u00f1os portatil.\r\n\r\n\r\n<\/span><\/pre>","protected":false},"featured_media":20491,"comment_status":"open","ping_status":"closed","template":"","meta":[],"product_brand":[],"product_cat":[85],"product_tag":[],"class_list":{"0":"post-12188","1":"product","2":"type-product","3":"status-publish","4":"has-post-thumbnail","6":"product_cat-instrumentos-musicales","8":"first","9":"instock","10":"shipping-taxable","11":"purchasable","12":"product-type-simple"},"acf":[],"_links":{"self":[{"href":"https:\/\/nuevocanto.com\/en\/wp-json\/wp\/v2\/product\/12188","targetHints":{"allow":["GET"]}}],"collection":[{"href":"https:\/\/nuevocanto.com\/en\/wp-json\/wp\/v2\/product"}],"about":[{"href":"https:\/\/nuevocanto.com\/en\/wp-json\/wp\/v2\/types\/product"}],"replies":[{"embeddable":true,"href":"https:\/\/nuevocanto.com\/en\/wp-json\/wp\/v2\/comments?post=12188"}],"version-history":[{"count":0,"href":"https:\/\/nuevocanto.com\/en\/wp-json\/wp\/v2\/product\/12188\/revisions"}],"wp:featuredmedia":[{"embeddable":true,"href":"https:\/\/nuevocanto.com\/en\/wp-json\/wp\/v2\/media\/20491"}],"wp:attachment":[{"href":"https:\/\/nuevocanto.com\/en\/wp-json\/wp\/v2\/media?parent=12188"}],"wp:term":[{"taxonomy":"product_brand","embeddable":true,"href":"https:\/\/nuevocanto.com\/en\/wp-json\/wp\/v2\/product_brand?post=12188"},{"taxonomy":"product_cat","embeddable":true,"href":"https:\/\/nuevocanto.com\/en\/wp-json\/wp\/v2\/product_cat?post=12188"},{"taxonomy":"product_tag","embeddable":true,"href":"https:\/\/nuevocanto.com\/en\/wp-json\/wp\/v2\/product_tag?post=12188"}],"curies":[{"name":"wp","href":"https:\/\/api.w.org\/{rel}","templated":true}]}}