{"id":12181,"date":"2024-05-18T22:44:24","date_gmt":"2024-05-19T04:44:24","guid":{"rendered":"https:\/\/nuevocanto.com\/?post_type=product&#038;p=12181"},"modified":"2025-11-05T21:12:51","modified_gmt":"2025-11-05T21:12:51","slug":"tambor-de-piso-remo","status":"publish","type":"product","link":"https:\/\/nuevocanto.com\/en\/product\/tambor-de-piso-remo\/","title":{"rendered":"TAMBOR DE PISO REMO"},"content":{"rendered":"<pre id=\"tw-target-text\" class=\"tw-data-text tw-text-large tw-ta\" dir=\"ltr\" data-placeholder=\"Traducci\u00f3n\" aria-label=\"Texto traducido\" data-ved=\"2ahUKEwiUk7bq9piGAxVPvokEHbThBhYQ3ewLegQIBRAU\"><span class=\"Y2IQFc\" lang=\"es\">El tambor de piso tiene un sonido \u00fanico. Agrega un \"ritmo pegajoso\" a la experiencia r\u00edtmica. El parche tiene 10 pulgadas de di\u00e1metro y el tambor mide 6 pulgadas de alto. Ya incluye la baqueta. \r\nEl parche es muy durable y puedes usarlo con diferentes formas de tocarlos. <\/span><\/pre>","protected":false},"excerpt":{"rendered":"<pre id=\"tw-target-text\" class=\"tw-data-text tw-text-large tw-ta\" dir=\"ltr\" data-placeholder=\"Traducci\u00f3n\" aria-label=\"Texto traducido\" data-ved=\"2ahUKEwiUk7bq9piGAxVPvokEHbThBhYQ3ewLegQIBRAU\"><span class=\"Y2IQFc\" lang=\"es\">Tiene un dise\u00f1o avanzado y un sonido aut\u00e9ntico, nuestra galardonada l\u00ednea de percusi\u00f3n Remo Rhythm Club es de la mejor calidad. Cada producto que fabricamos est\u00e1 desarrollado para satisfacer las necesidades del percusionista. Cada parche y tambor incorpora una variedad de tecnolog\u00edas modernas que les permiten ser asequibles para un n\u00famero cada vez mayor de m\u00fasicos.\r\n\r\nEdades: 3 a\u00f1os en adelante\r\n\r\nTenga en cuenta: este instrumento musical est\u00e1 dise\u00f1ado para usarse con la supervisi\u00f3n de un adulto.<\/span><\/pre>","protected":false},"featured_media":20494,"comment_status":"open","ping_status":"closed","template":"","meta":[],"product_brand":[],"product_cat":[85],"product_tag":[],"class_list":{"0":"post-12181","1":"product","2":"type-product","3":"status-publish","4":"has-post-thumbnail","6":"product_cat-instrumentos-musicales","8":"first","9":"instock","10":"shipping-taxable","11":"purchasable","12":"product-type-simple"},"acf":[],"_links":{"self":[{"href":"https:\/\/nuevocanto.com\/en\/wp-json\/wp\/v2\/product\/12181","targetHints":{"allow":["GET"]}}],"collection":[{"href":"https:\/\/nuevocanto.com\/en\/wp-json\/wp\/v2\/product"}],"about":[{"href":"https:\/\/nuevocanto.com\/en\/wp-json\/wp\/v2\/types\/product"}],"replies":[{"embeddable":true,"href":"https:\/\/nuevocanto.com\/en\/wp-json\/wp\/v2\/comments?post=12181"}],"version-history":[{"count":1,"href":"https:\/\/nuevocanto.com\/en\/wp-json\/wp\/v2\/product\/12181\/revisions"}],"predecessor-version":[{"id":23336,"href":"https:\/\/nuevocanto.com\/en\/wp-json\/wp\/v2\/product\/12181\/revisions\/23336"}],"wp:featuredmedia":[{"embeddable":true,"href":"https:\/\/nuevocanto.com\/en\/wp-json\/wp\/v2\/media\/20494"}],"wp:attachment":[{"href":"https:\/\/nuevocanto.com\/en\/wp-json\/wp\/v2\/media?parent=12181"}],"wp:term":[{"taxonomy":"product_brand","embeddable":true,"href":"https:\/\/nuevocanto.com\/en\/wp-json\/wp\/v2\/product_brand?post=12181"},{"taxonomy":"product_cat","embeddable":true,"href":"https:\/\/nuevocanto.com\/en\/wp-json\/wp\/v2\/product_cat?post=12181"},{"taxonomy":"product_tag","embeddable":true,"href":"https:\/\/nuevocanto.com\/en\/wp-json\/wp\/v2\/product_tag?post=12181"}],"curies":[{"name":"wp","href":"https:\/\/api.w.org\/{rel}","templated":true}]}}