{"id":10592,"date":"2024-03-22T22:56:45","date_gmt":"2024-03-23T04:56:45","guid":{"rendered":"https:\/\/nuevocanto.com\/product\/conejo-folkmanis-puppet\/"},"modified":"2026-02-09T19:13:00","modified_gmt":"2026-02-09T19:13:00","slug":"conejo-folkmanis-puppet","status":"publish","type":"product","link":"https:\/\/nuevocanto.com\/en\/product\/conejo-folkmanis-puppet\/","title":{"rendered":"CONEJO TITERE"},"content":{"rendered":"<pre id=\"tw-target-text\" class=\"tw-data-text tw-text-large tw-ta\" dir=\"ltr\" data-placeholder=\"Traducci\u00f3n\" aria-label=\"Texto traducido\" data-ved=\"2ahUKEwiktN6-nZWGAxVUI0QIHWtsB4YQ3ewLegQIBRAU\"><span class=\"Y2IQFc\" lang=\"es\">Corriendo hacia su madriguera o mordisqueando el jard\u00edn, el tierno y t\u00edmido conejito es el animal favorito de los ni\u00f1os peque\u00f1os. Esta marioneta Bunny Rabbit tiene el tama\u00f1o perfecto para abrazarla, ya sea en la mano de mam\u00e1 o pap\u00e1.\nTama\u00f1o:\n8 pulgadas de largo\n4 pulgasd de ancho\n5 pulgadas de alto\n<\/span><\/pre>","protected":false},"excerpt":{"rendered":"<p>Corriendo hacia su madriguera o mordisqueando el jard\u00edn, el tierno y t\u00edmido conejito es el animal favorito de los ni\u00f1os peque\u00f1os. Esta marioneta Bunny Rabbit tiene el tama\u00f1o perfecto para abrazarla, ya sea en la mano de mam\u00e1 o pap\u00e1. Tama\u00f1o: 8 pulgadas de largo 4 pulgasd de ancho 5 pulgadas de alto<\/p>","protected":false},"featured_media":17125,"comment_status":"closed","ping_status":"closed","template":"","meta":[],"product_brand":[],"product_cat":[87,88],"product_tag":[],"class_list":{"0":"post-10592","1":"product","2":"type-product","3":"status-publish","4":"has-post-thumbnail","6":"product_cat-didacticos","7":"product_cat-titeres","9":"first","10":"instock","11":"purchasable","12":"product-type-simple"},"acf":[],"_links":{"self":[{"href":"https:\/\/nuevocanto.com\/en\/wp-json\/wp\/v2\/product\/10592","targetHints":{"allow":["GET"]}}],"collection":[{"href":"https:\/\/nuevocanto.com\/en\/wp-json\/wp\/v2\/product"}],"about":[{"href":"https:\/\/nuevocanto.com\/en\/wp-json\/wp\/v2\/types\/product"}],"replies":[{"embeddable":true,"href":"https:\/\/nuevocanto.com\/en\/wp-json\/wp\/v2\/comments?post=10592"}],"version-history":[{"count":1,"href":"https:\/\/nuevocanto.com\/en\/wp-json\/wp\/v2\/product\/10592\/revisions"}],"predecessor-version":[{"id":26300,"href":"https:\/\/nuevocanto.com\/en\/wp-json\/wp\/v2\/product\/10592\/revisions\/26300"}],"wp:featuredmedia":[{"embeddable":true,"href":"https:\/\/nuevocanto.com\/en\/wp-json\/wp\/v2\/media\/17125"}],"wp:attachment":[{"href":"https:\/\/nuevocanto.com\/en\/wp-json\/wp\/v2\/media?parent=10592"}],"wp:term":[{"taxonomy":"product_brand","embeddable":true,"href":"https:\/\/nuevocanto.com\/en\/wp-json\/wp\/v2\/product_brand?post=10592"},{"taxonomy":"product_cat","embeddable":true,"href":"https:\/\/nuevocanto.com\/en\/wp-json\/wp\/v2\/product_cat?post=10592"},{"taxonomy":"product_tag","embeddable":true,"href":"https:\/\/nuevocanto.com\/en\/wp-json\/wp\/v2\/product_tag?post=10592"}],"curies":[{"name":"wp","href":"https:\/\/api.w.org\/{rel}","templated":true}]}}