{"id":10475,"date":"2024-03-22T22:52:47","date_gmt":"2024-03-23T04:52:47","guid":{"rendered":"https:\/\/nuevocanto.com\/product\/parche-el-pirata-1\/"},"modified":"2024-03-22T22:52:47","modified_gmt":"2024-03-23T04:52:47","slug":"parche-el-pirata-1","status":"publish","type":"product","link":"https:\/\/nuevocanto.com\/en\/product\/parche-el-pirata-1\/","title":{"rendered":"PARCHE EL PIRATA 1"},"content":{"rendered":"<p>EDICI\u00d3N EN INGL\u00c9S<br \/>\nPATCH THE PIRATE PRAISES 1<br \/>\nParche el Pirata Alabanzas 1<\/p>\n<p>1. El Himno De Alabanza (The praise song)<br \/>\n2. Armonia En Casa (Harmony at Home)<br \/>\n3. Una Pulga (Wiggle Worm)<br \/>\n4. El Gozo Del Se\u00f1or (The Joy of Jes\u00fas)<br \/>\n5. Coraz\u00f3n De Siervo (Servant&#8217;s Heart)<br \/>\n6. Cristo, Mi Intimo Amigo (My Very Best Friend)<br \/>\n7. Padre, Gu\u00edame (Father, Lead Me)<br \/>\n8. Tormentosa Tili (Temper Tantrum Lili)<br \/>\n9. Pertenezco A Mi Rey (I Belong To ThE King)<br \/>\n10. Yo Har\u00e9 El Bien (I will Do What&#8217;s Right)<br \/>\n11. Heme Aqu\u00ed, Env\u00edame A M\u00ed (Here Am I, Lord)<br \/>\n12. Daniel (Daniel)<br \/>\n13. Quiero Ser Buen Ejemplo (A Good Example)<br \/>\n14. A Solas Con Mi Dios (My Quiet Time)<br \/>\n15. Poco A Poco (Little By Little)<br \/>\n16. Te Amo, Dios (I Love You, Lord)<br \/>\n17. Cristo Me Ama (Jesus Loves Me)<br \/>\n18. H\u00edgado (I Love Broccoli)<br \/>\n19. Mi Dios Fiel Y Santo Es (My God Is A Righteous God)<br \/>\n20. David (David)<br \/>\n21. Cree en el Se\u00f1or (Trust In The Lord)<br \/>\n22. Con Prontitud (Obey Right Away)<br \/>\n23. Deja LA Queja (Do It Now)<br \/>\n24. No Temer\u00e9 Con Cristo (How Can I Fear?)<br \/>\n25. Compartiendo (Sharing)<br \/>\n26. Caminando Con El Buen Se\u00f1or (Keep Walking With The Lord)<br \/>\n27. La Pucheritis (The Poochie Lip Disease)<br \/>\n28. Grande ES \u00c9l (He&#8217;s So Great)<br \/>\n29. Exagerar (Stretchin&#8217; The Truth)<br \/>\n30. La Escuela Dominical (The Sunday School Song)<br \/>\n31. Yo Quiero Ser Fiel (I Want To Be Joyful)<br \/>\n32. Obedecer (Obedience)<br \/>\n33. Un D\u00f3cil Corazon (A Tender Heart)<br \/>\n34. Di La Verdad (Tell The Truth)<br \/>\n35. Jon\u00e1s (Jonas)<br \/>\n36. Gracias Damos (We Thank Thee)<br \/>\n37. Con Voluntad (Initiative)<br \/>\n38. Es mi amigo (He&#8217;s My Friend)<br \/>\n39. Haz Bien (Do Right)<br \/>\n40. Nuestra Oraci\u00f3n (Our Prayer)<\/p>","protected":false},"excerpt":{"rendered":"<p>EDICI\u00d3N EN INGL\u00c9S PATCH THE PIRATE PRAISES 1 Parche el Pirata Alabanzas 1 1. El Himno De Alabanza (The praise song) 2. Armonia En Casa (Harmony at Home) 3. Una Pulga (Wiggle Worm) 4. El Gozo Del Se\u00f1or (The Joy of Jes\u00fas) 5. Coraz\u00f3n De Siervo (Servant&#8217;s Heart) 6. Cristo, Mi Intimo Amigo (My Very [&hellip;]<\/p>\n","protected":false},"featured_media":17147,"comment_status":"closed","ping_status":"closed","template":"","meta":[],"product_brand":[],"product_cat":[89,90],"product_tag":[],"class_list":{"0":"post-10475","1":"product","2":"type-product","3":"status-publish","4":"has-post-thumbnail","6":"product_cat-libros-infantiles","7":"product_cat-partituras-metodos","9":"first","10":"instock","11":"purchasable","12":"product-type-simple"},"acf":[],"_links":{"self":[{"href":"https:\/\/nuevocanto.com\/en\/wp-json\/wp\/v2\/product\/10475","targetHints":{"allow":["GET"]}}],"collection":[{"href":"https:\/\/nuevocanto.com\/en\/wp-json\/wp\/v2\/product"}],"about":[{"href":"https:\/\/nuevocanto.com\/en\/wp-json\/wp\/v2\/types\/product"}],"replies":[{"embeddable":true,"href":"https:\/\/nuevocanto.com\/en\/wp-json\/wp\/v2\/comments?post=10475"}],"version-history":[{"count":0,"href":"https:\/\/nuevocanto.com\/en\/wp-json\/wp\/v2\/product\/10475\/revisions"}],"wp:featuredmedia":[{"embeddable":true,"href":"https:\/\/nuevocanto.com\/en\/wp-json\/wp\/v2\/media\/17147"}],"wp:attachment":[{"href":"https:\/\/nuevocanto.com\/en\/wp-json\/wp\/v2\/media?parent=10475"}],"wp:term":[{"taxonomy":"product_brand","embeddable":true,"href":"https:\/\/nuevocanto.com\/en\/wp-json\/wp\/v2\/product_brand?post=10475"},{"taxonomy":"product_cat","embeddable":true,"href":"https:\/\/nuevocanto.com\/en\/wp-json\/wp\/v2\/product_cat?post=10475"},{"taxonomy":"product_tag","embeddable":true,"href":"https:\/\/nuevocanto.com\/en\/wp-json\/wp\/v2\/product_tag?post=10475"}],"curies":[{"name":"wp","href":"https:\/\/api.w.org\/{rel}","templated":true}]}}