{"id":10457,"date":"2024-03-22T22:52:47","date_gmt":"2024-03-23T04:52:47","guid":{"rendered":"https:\/\/nuevocanto.com\/product\/solos-de-meditacion-para-flauta\/"},"modified":"2024-03-22T22:52:47","modified_gmt":"2024-03-23T04:52:47","slug":"solos-de-meditacion-para-flauta","status":"publish","type":"product","link":"https:\/\/nuevocanto.com\/en\/product\/solos-de-meditacion-para-flauta\/","title":{"rendered":"SOLOS DE MEDITACI\u00d3N PARA FLAUTA"},"content":{"rendered":"<p>Solos de Meditaci\u00f3n para Flauta<br \/>\nNivel Moderado a Dif\u00edcil<\/p>\n<p>1. Oh, criaturas del Se\u00f1or<br \/>\n2. El placer de mi alma<br \/>\n3. Popurr\u00ed Navide\u00f1o<br \/>\n4. Popurr\u00ed de crucuficci\u00f3n<br \/>\n5. En la mansi\u00f3n do Cristo est\u00e1<br \/>\n6. Alcanc\u00e9 Salvaci\u00f3n<br \/>\n7. El profundo amor de Cristo<br \/>\n8. Popurr\u00ed de Resurrecci\u00f3n<br \/>\n9. \u00a1Oh, amor de Dios!<br \/>\n10. Popurr\u00ed de Confianza<\/p>\n<p>MEDITATION SOLOS FOR FLUTE MODERATE DIFFICULTY 1 350<\/p>","protected":false},"excerpt":{"rendered":"<p>Solos de Meditaci\u00f3n para Flauta Nivel Moderado a Dif\u00edcil 1. Oh, criaturas del Se\u00f1or 2. El placer de mi alma 3. Popurr\u00ed Navide\u00f1o 4. Popurr\u00ed de crucuficci\u00f3n 5. En la mansi\u00f3n do Cristo est\u00e1 6. Alcanc\u00e9 Salvaci\u00f3n 7. El profundo amor de Cristo 8. Popurr\u00ed de Resurrecci\u00f3n 9. \u00a1Oh, amor de Dios! 10. Popurr\u00ed de [&hellip;]<\/p>\n","protected":false},"featured_media":17148,"comment_status":"closed","ping_status":"closed","template":"","meta":[],"product_brand":[],"product_cat":[93,90],"product_tag":[],"class_list":{"0":"post-10457","1":"product","2":"type-product","3":"status-publish","4":"has-post-thumbnail","6":"product_cat-alientos","7":"product_cat-partituras-metodos","9":"first","10":"instock","11":"purchasable","12":"product-type-simple"},"acf":[],"_links":{"self":[{"href":"https:\/\/nuevocanto.com\/en\/wp-json\/wp\/v2\/product\/10457","targetHints":{"allow":["GET"]}}],"collection":[{"href":"https:\/\/nuevocanto.com\/en\/wp-json\/wp\/v2\/product"}],"about":[{"href":"https:\/\/nuevocanto.com\/en\/wp-json\/wp\/v2\/types\/product"}],"replies":[{"embeddable":true,"href":"https:\/\/nuevocanto.com\/en\/wp-json\/wp\/v2\/comments?post=10457"}],"version-history":[{"count":0,"href":"https:\/\/nuevocanto.com\/en\/wp-json\/wp\/v2\/product\/10457\/revisions"}],"wp:featuredmedia":[{"embeddable":true,"href":"https:\/\/nuevocanto.com\/en\/wp-json\/wp\/v2\/media\/17148"}],"wp:attachment":[{"href":"https:\/\/nuevocanto.com\/en\/wp-json\/wp\/v2\/media?parent=10457"}],"wp:term":[{"taxonomy":"product_brand","embeddable":true,"href":"https:\/\/nuevocanto.com\/en\/wp-json\/wp\/v2\/product_brand?post=10457"},{"taxonomy":"product_cat","embeddable":true,"href":"https:\/\/nuevocanto.com\/en\/wp-json\/wp\/v2\/product_cat?post=10457"},{"taxonomy":"product_tag","embeddable":true,"href":"https:\/\/nuevocanto.com\/en\/wp-json\/wp\/v2\/product_tag?post=10457"}],"curies":[{"name":"wp","href":"https:\/\/api.w.org\/{rel}","templated":true}]}}