{"id":10451,"date":"2024-03-22T22:52:47","date_gmt":"2024-03-23T04:52:47","guid":{"rendered":"https:\/\/nuevocanto.com\/product\/grandiosos-himnos-para-flauta-oboe-y-mazo-de-percusion\/"},"modified":"2024-03-22T22:52:47","modified_gmt":"2024-03-23T04:52:47","slug":"grandiosos-himnos-para-flauta-oboe-y-mazo-de-percusion","status":"publish","type":"product","link":"https:\/\/nuevocanto.com\/en\/product\/grandiosos-himnos-para-flauta-oboe-y-mazo-de-percusion\/","title":{"rendered":"GRANDIOSOS HIMNOS PARA FLAUTA, OBOE Y MAZO DE PERCUSI\u00d3N"},"content":{"rendered":"<p>Himnos grandiosos para Flauta, Oboe y Mazo Percusi\u00f3n.<br \/>\nSolos instrumentales de adoraci\u00f3n<\/p>\n<p>EDICI\u00d3N EN INGL\u00c9S<br \/>\nMORE GREAT HYMNS FLUTE, OBOE, MALLET PERCUSSION<\/p>","protected":false},"excerpt":{"rendered":"<p>Himnos grandiosos para Flauta, Oboe y Mazo Percusi\u00f3n. Solos instrumentales de adoraci\u00f3n EDICI\u00d3N EN INGL\u00c9S MORE GREAT HYMNS FLUTE, OBOE, MALLET PERCUSSION<\/p>","protected":false},"featured_media":17149,"comment_status":"closed","ping_status":"closed","template":"","meta":[],"product_brand":[],"product_cat":[90],"product_tag":[],"class_list":{"0":"post-10451","1":"product","2":"type-product","3":"status-publish","4":"has-post-thumbnail","6":"product_cat-partituras-metodos","8":"first","9":"instock","10":"purchasable","11":"product-type-simple"},"acf":[],"_links":{"self":[{"href":"https:\/\/nuevocanto.com\/en\/wp-json\/wp\/v2\/product\/10451","targetHints":{"allow":["GET"]}}],"collection":[{"href":"https:\/\/nuevocanto.com\/en\/wp-json\/wp\/v2\/product"}],"about":[{"href":"https:\/\/nuevocanto.com\/en\/wp-json\/wp\/v2\/types\/product"}],"replies":[{"embeddable":true,"href":"https:\/\/nuevocanto.com\/en\/wp-json\/wp\/v2\/comments?post=10451"}],"version-history":[{"count":0,"href":"https:\/\/nuevocanto.com\/en\/wp-json\/wp\/v2\/product\/10451\/revisions"}],"wp:featuredmedia":[{"embeddable":true,"href":"https:\/\/nuevocanto.com\/en\/wp-json\/wp\/v2\/media\/17149"}],"wp:attachment":[{"href":"https:\/\/nuevocanto.com\/en\/wp-json\/wp\/v2\/media?parent=10451"}],"wp:term":[{"taxonomy":"product_brand","embeddable":true,"href":"https:\/\/nuevocanto.com\/en\/wp-json\/wp\/v2\/product_brand?post=10451"},{"taxonomy":"product_cat","embeddable":true,"href":"https:\/\/nuevocanto.com\/en\/wp-json\/wp\/v2\/product_cat?post=10451"},{"taxonomy":"product_tag","embeddable":true,"href":"https:\/\/nuevocanto.com\/en\/wp-json\/wp\/v2\/product_tag?post=10451"}],"curies":[{"name":"wp","href":"https:\/\/api.w.org\/{rel}","templated":true}]}}