{"id":10439,"date":"2024-03-22T22:52:47","date_gmt":"2024-03-23T04:52:47","guid":{"rendered":"https:\/\/nuevocanto.com\/product\/himnos-y-clasicos-para-violin\/"},"modified":"2024-03-22T22:52:47","modified_gmt":"2024-03-23T04:52:47","slug":"himnos-y-clasicos-para-violin","status":"publish","type":"product","link":"https:\/\/nuevocanto.com\/en\/product\/himnos-y-clasicos-para-violin\/","title":{"rendered":"HIMNOS Y CL\u00c1SICOS PARA VIOL\u00cdN"},"content":{"rendered":"<p>Himnos y Cl\u00e1sicos para Viol\u00edn.<br \/>\n12 Solos y duetos con acompa\u00f1amiento de teclado.<\/p>\n<p>CLASSIC HYMNS FOR VIOLIN AND PIANO<\/p>","protected":false},"excerpt":{"rendered":"<p>Himnos y Cl\u00e1sicos para Viol\u00edn. 12 Solos y duetos con acompa\u00f1amiento de teclado. CLASSIC HYMNS FOR VIOLIN AND PIANO<\/p>","protected":false},"featured_media":17242,"comment_status":"closed","ping_status":"closed","template":"","meta":[],"product_brand":[],"product_cat":[90,95],"product_tag":[],"class_list":{"0":"post-10439","1":"product","2":"type-product","3":"status-publish","4":"has-post-thumbnail","6":"product_cat-partituras-metodos","7":"product_cat-violin","9":"first","10":"instock","11":"purchasable","12":"product-type-simple"},"acf":[],"_links":{"self":[{"href":"https:\/\/nuevocanto.com\/en\/wp-json\/wp\/v2\/product\/10439","targetHints":{"allow":["GET"]}}],"collection":[{"href":"https:\/\/nuevocanto.com\/en\/wp-json\/wp\/v2\/product"}],"about":[{"href":"https:\/\/nuevocanto.com\/en\/wp-json\/wp\/v2\/types\/product"}],"replies":[{"embeddable":true,"href":"https:\/\/nuevocanto.com\/en\/wp-json\/wp\/v2\/comments?post=10439"}],"version-history":[{"count":0,"href":"https:\/\/nuevocanto.com\/en\/wp-json\/wp\/v2\/product\/10439\/revisions"}],"wp:featuredmedia":[{"embeddable":true,"href":"https:\/\/nuevocanto.com\/en\/wp-json\/wp\/v2\/media\/17242"}],"wp:attachment":[{"href":"https:\/\/nuevocanto.com\/en\/wp-json\/wp\/v2\/media?parent=10439"}],"wp:term":[{"taxonomy":"product_brand","embeddable":true,"href":"https:\/\/nuevocanto.com\/en\/wp-json\/wp\/v2\/product_brand?post=10439"},{"taxonomy":"product_cat","embeddable":true,"href":"https:\/\/nuevocanto.com\/en\/wp-json\/wp\/v2\/product_cat?post=10439"},{"taxonomy":"product_tag","embeddable":true,"href":"https:\/\/nuevocanto.com\/en\/wp-json\/wp\/v2\/product_tag?post=10439"}],"curies":[{"name":"wp","href":"https:\/\/api.w.org\/{rel}","templated":true}]}}