{"id":10386,"date":"2024-03-22T22:50:56","date_gmt":"2024-03-23T04:50:56","guid":{"rendered":"https:\/\/nuevocanto.com\/product\/arreglo-del-festival-de-variaciones-de-estrellita\/"},"modified":"2024-03-22T22:50:56","modified_gmt":"2024-03-23T04:50:56","slug":"arreglo-del-festival-de-variaciones-de-estrellita","status":"publish","type":"product","link":"https:\/\/nuevocanto.com\/en\/product\/arreglo-del-festival-de-variaciones-de-estrellita\/","title":{"rendered":"ARREGLO DEL FESTIVAL DE VARIACIONES DE ESTRELLITA"},"content":{"rendered":"<p>Arreglo del Festival de Variaciones de Estrellita<br \/>\nArreglos para violines, violas, cellos, bajos y piano.<br \/>\nEste m\u00e9todo incluye partes de cuerdas para estudiantes de todos los niveles con un gran acompa\u00f1amiento de piano.<br \/>\nEst\u00e1 dise\u00f1ado especialmente para conciertos de Suzuki y talleres con un gran n\u00famero de personas que toque cuerdas. Tambi\u00e9n puede ser muy \u00fatil para un solo viol\u00edn y piano.<\/p>\n<p>EDICI\u00d3N EN INGL\u00c9S<br \/>\nTWINKLE VARIATIONS FESTIVAL ARRANGEMENT<\/p>","protected":false},"excerpt":{"rendered":"<p>Arreglo del Festival de Variaciones de Estrellita Arreglos para violines, violas, cellos, bajos y piano. Este m\u00e9todo incluye partes de cuerdas para estudiantes de todos los niveles con un gran acompa\u00f1amiento de piano. Est\u00e1 dise\u00f1ado especialmente para conciertos de Suzuki y talleres con un gran n\u00famero de personas que toque cuerdas. Tambi\u00e9n puede ser muy [&hellip;]<\/p>","protected":false},"featured_media":17160,"comment_status":"closed","ping_status":"closed","template":"","meta":[],"product_brand":[],"product_cat":[90],"product_tag":[],"class_list":{"0":"post-10386","1":"product","2":"type-product","3":"status-publish","4":"has-post-thumbnail","6":"product_cat-partituras-metodos","8":"first","9":"instock","10":"purchasable","11":"product-type-simple"},"acf":[],"_links":{"self":[{"href":"https:\/\/nuevocanto.com\/en\/wp-json\/wp\/v2\/product\/10386","targetHints":{"allow":["GET"]}}],"collection":[{"href":"https:\/\/nuevocanto.com\/en\/wp-json\/wp\/v2\/product"}],"about":[{"href":"https:\/\/nuevocanto.com\/en\/wp-json\/wp\/v2\/types\/product"}],"replies":[{"embeddable":true,"href":"https:\/\/nuevocanto.com\/en\/wp-json\/wp\/v2\/comments?post=10386"}],"version-history":[{"count":0,"href":"https:\/\/nuevocanto.com\/en\/wp-json\/wp\/v2\/product\/10386\/revisions"}],"wp:featuredmedia":[{"embeddable":true,"href":"https:\/\/nuevocanto.com\/en\/wp-json\/wp\/v2\/media\/17160"}],"wp:attachment":[{"href":"https:\/\/nuevocanto.com\/en\/wp-json\/wp\/v2\/media?parent=10386"}],"wp:term":[{"taxonomy":"product_brand","embeddable":true,"href":"https:\/\/nuevocanto.com\/en\/wp-json\/wp\/v2\/product_brand?post=10386"},{"taxonomy":"product_cat","embeddable":true,"href":"https:\/\/nuevocanto.com\/en\/wp-json\/wp\/v2\/product_cat?post=10386"},{"taxonomy":"product_tag","embeddable":true,"href":"https:\/\/nuevocanto.com\/en\/wp-json\/wp\/v2\/product_tag?post=10386"}],"curies":[{"name":"wp","href":"https:\/\/api.w.org\/{rel}","templated":true}]}}