{"id":10368,"date":"2024-03-22T22:50:56","date_gmt":"2024-03-23T04:50:56","guid":{"rendered":"https:\/\/nuevocanto.com\/product\/solos-de-meditacion-y-adoracion-3\/"},"modified":"2024-03-22T22:50:56","modified_gmt":"2024-03-23T04:50:56","slug":"solos-de-meditacion-y-adoracion-3","status":"publish","type":"product","link":"https:\/\/nuevocanto.com\/en\/product\/solos-de-meditacion-y-adoracion-3\/","title":{"rendered":"SOLOS DE MEDITACI\u00d3N Y ADORACI\u00d3N 3"},"content":{"rendered":"<p>Solos de Meditaci\u00f3n y Adoraci\u00f3n 2<\/p>\n<p>SOLOS OF MEDITATION AND WORSHIP 3<\/p>","protected":false},"excerpt":{"rendered":"<p>Solos de Meditaci\u00f3n y Adoraci\u00f3n 2 SOLOS OF MEDITATION AND WORSHIP 3<\/p>","protected":false},"featured_media":17157,"comment_status":"closed","ping_status":"closed","template":"","meta":[],"product_brand":[],"product_cat":[90,94],"product_tag":[],"class_list":{"0":"post-10368","1":"product","2":"type-product","3":"status-publish","4":"has-post-thumbnail","6":"product_cat-partituras-metodos","7":"product_cat-piano","9":"first","10":"instock","11":"purchasable","12":"product-type-simple"},"acf":[],"_links":{"self":[{"href":"https:\/\/nuevocanto.com\/en\/wp-json\/wp\/v2\/product\/10368","targetHints":{"allow":["GET"]}}],"collection":[{"href":"https:\/\/nuevocanto.com\/en\/wp-json\/wp\/v2\/product"}],"about":[{"href":"https:\/\/nuevocanto.com\/en\/wp-json\/wp\/v2\/types\/product"}],"replies":[{"embeddable":true,"href":"https:\/\/nuevocanto.com\/en\/wp-json\/wp\/v2\/comments?post=10368"}],"version-history":[{"count":0,"href":"https:\/\/nuevocanto.com\/en\/wp-json\/wp\/v2\/product\/10368\/revisions"}],"wp:featuredmedia":[{"embeddable":true,"href":"https:\/\/nuevocanto.com\/en\/wp-json\/wp\/v2\/media\/17157"}],"wp:attachment":[{"href":"https:\/\/nuevocanto.com\/en\/wp-json\/wp\/v2\/media?parent=10368"}],"wp:term":[{"taxonomy":"product_brand","embeddable":true,"href":"https:\/\/nuevocanto.com\/en\/wp-json\/wp\/v2\/product_brand?post=10368"},{"taxonomy":"product_cat","embeddable":true,"href":"https:\/\/nuevocanto.com\/en\/wp-json\/wp\/v2\/product_cat?post=10368"},{"taxonomy":"product_tag","embeddable":true,"href":"https:\/\/nuevocanto.com\/en\/wp-json\/wp\/v2\/product_tag?post=10368"}],"curies":[{"name":"wp","href":"https:\/\/api.w.org\/{rel}","templated":true}]}}