{"id":10313,"date":"2024-03-22T22:49:02","date_gmt":"2024-03-23T04:49:02","guid":{"rendered":"https:\/\/nuevocanto.com\/product\/una-docena-al-dia-libro-uno\/"},"modified":"2026-02-05T23:17:29","modified_gmt":"2026-02-05T23:17:29","slug":"una-docena-al-dia-libro-uno","status":"publish","type":"product","link":"https:\/\/nuevocanto.com\/en\/product\/una-docena-al-dia-libro-uno\/","title":{"rendered":"&#8220;UNA DOCENA AL D\u00cdA&#8221; LIBRO UNO"},"content":{"rendered":"<p>&#8220;UNA DOCENA AL D\u00cdA&#8221; LIBRO UNO<br \/>\nEjercicios t\u00e9cnicos para el piano para hacerse cada d\u00eda antes de la pr\u00e1ctica.<br \/>\nEDICI\u00d3N EN ESPA\u00d1OL<\/p>","protected":false},"excerpt":{"rendered":"<p>&#8220;UNA DOCENA AL D\u00cdA&#8221; LIBRO UNO Ejercicios t\u00e9cnicos para el piano para hacerse cada d\u00eda antes de la pr\u00e1ctica. EDICI\u00d3N EN ESPA\u00d1OL<\/p>","protected":false},"featured_media":17177,"comment_status":"closed","ping_status":"closed","template":"","meta":[],"product_brand":[],"product_cat":[90,94],"product_tag":[],"class_list":{"0":"post-10313","1":"product","2":"type-product","3":"status-publish","4":"has-post-thumbnail","6":"product_cat-partituras-metodos","7":"product_cat-piano","9":"first","10":"outofstock","11":"purchasable","12":"product-type-simple"},"acf":[],"_links":{"self":[{"href":"https:\/\/nuevocanto.com\/en\/wp-json\/wp\/v2\/product\/10313","targetHints":{"allow":["GET"]}}],"collection":[{"href":"https:\/\/nuevocanto.com\/en\/wp-json\/wp\/v2\/product"}],"about":[{"href":"https:\/\/nuevocanto.com\/en\/wp-json\/wp\/v2\/types\/product"}],"replies":[{"embeddable":true,"href":"https:\/\/nuevocanto.com\/en\/wp-json\/wp\/v2\/comments?post=10313"}],"version-history":[{"count":1,"href":"https:\/\/nuevocanto.com\/en\/wp-json\/wp\/v2\/product\/10313\/revisions"}],"predecessor-version":[{"id":26254,"href":"https:\/\/nuevocanto.com\/en\/wp-json\/wp\/v2\/product\/10313\/revisions\/26254"}],"wp:featuredmedia":[{"embeddable":true,"href":"https:\/\/nuevocanto.com\/en\/wp-json\/wp\/v2\/media\/17177"}],"wp:attachment":[{"href":"https:\/\/nuevocanto.com\/en\/wp-json\/wp\/v2\/media?parent=10313"}],"wp:term":[{"taxonomy":"product_brand","embeddable":true,"href":"https:\/\/nuevocanto.com\/en\/wp-json\/wp\/v2\/product_brand?post=10313"},{"taxonomy":"product_cat","embeddable":true,"href":"https:\/\/nuevocanto.com\/en\/wp-json\/wp\/v2\/product_cat?post=10313"},{"taxonomy":"product_tag","embeddable":true,"href":"https:\/\/nuevocanto.com\/en\/wp-json\/wp\/v2\/product_tag?post=10313"}],"curies":[{"name":"wp","href":"https:\/\/api.w.org\/{rel}","templated":true}]}}