{"id":10250,"date":"2024-03-22T22:47:36","date_gmt":"2024-03-23T04:47:36","guid":{"rendered":"https:\/\/nuevocanto.com\/product\/himnario-principiante-2\/"},"modified":"2024-03-22T22:47:36","modified_gmt":"2024-03-23T04:47:36","slug":"himnario-principiante-2","status":"publish","type":"product","link":"https:\/\/nuevocanto.com\/en\/product\/himnario-principiante-2\/","title":{"rendered":"HYMNPLAYER PRINCIPIANTE 2"},"content":{"rendered":"<p>M\u00e9todo Principiante 2<br \/>\nPasta Blanda<\/p>\n<p>Este libro proporciona una experiencia de interpretaci\u00f3n de himnos para pianistas: libro 2 desde el \u00faltimo nivel de primaria hasta el nivel intermedio inicial. Los arreglistas han proporcionado ayuda y consejos para la interpretaci\u00f3n de cada pieza.<\/p>\n<p>T\u00edtulos:<br \/>\n1. Creo<br \/>\n2. \u00a1Alabadle, oh, ni\u00f1itos todos!<br \/>\n3. Somos soldaditos<br \/>\n4. When they rings those golden bells<br \/>\n5. Sublime Gracia<br \/>\n6. Cristo ama a los ni\u00f1os<br \/>\n7. Santa biblia para m\u00ed<br \/>\n8. \u00a1Oh, Jes\u00fas mi gram amor!<br \/>\n9. La Doxolog\u00eda<br \/>\n10. Feliz cumplea\u00f1os<br \/>\n11. Mi nombre escrito est\u00e1<br \/>\n12. Gospel Bells<br \/>\n13. Antigua religi\u00f3n<br \/>\n14. Dime la antigua historia<br \/>\n15. All\u00e1 en el pesebre<br \/>\n16. Pecador, ven a Cristo Jes\u00fas<\/p>\n<p>*CONTENIDO EN INGL\u00c9S<br \/>\nBEGINNING HYMNPLAYER BOOK 2<\/p>","protected":false},"excerpt":{"rendered":"<p>M\u00e9todo Principiante 2 Pasta Blanda Este libro proporciona una experiencia de interpretaci\u00f3n de himnos para pianistas: libro 2 desde el \u00faltimo nivel de primaria hasta el nivel intermedio inicial. Los arreglistas han proporcionado ayuda y consejos para la interpretaci\u00f3n de cada pieza. T\u00edtulos: 1. Creo 2. \u00a1Alabadle, oh, ni\u00f1itos todos! 3. Somos soldaditos 4. When [&hellip;]<\/p>\n","protected":false},"featured_media":17249,"comment_status":"closed","ping_status":"closed","template":"","meta":[],"product_brand":[],"product_cat":[90,94],"product_tag":[],"class_list":{"0":"post-10250","1":"product","2":"type-product","3":"status-publish","4":"has-post-thumbnail","6":"product_cat-partituras-metodos","7":"product_cat-piano","9":"first","10":"instock","11":"purchasable","12":"product-type-simple"},"acf":[],"_links":{"self":[{"href":"https:\/\/nuevocanto.com\/en\/wp-json\/wp\/v2\/product\/10250","targetHints":{"allow":["GET"]}}],"collection":[{"href":"https:\/\/nuevocanto.com\/en\/wp-json\/wp\/v2\/product"}],"about":[{"href":"https:\/\/nuevocanto.com\/en\/wp-json\/wp\/v2\/types\/product"}],"replies":[{"embeddable":true,"href":"https:\/\/nuevocanto.com\/en\/wp-json\/wp\/v2\/comments?post=10250"}],"version-history":[{"count":0,"href":"https:\/\/nuevocanto.com\/en\/wp-json\/wp\/v2\/product\/10250\/revisions"}],"wp:featuredmedia":[{"embeddable":true,"href":"https:\/\/nuevocanto.com\/en\/wp-json\/wp\/v2\/media\/17249"}],"wp:attachment":[{"href":"https:\/\/nuevocanto.com\/en\/wp-json\/wp\/v2\/media?parent=10250"}],"wp:term":[{"taxonomy":"product_brand","embeddable":true,"href":"https:\/\/nuevocanto.com\/en\/wp-json\/wp\/v2\/product_brand?post=10250"},{"taxonomy":"product_cat","embeddable":true,"href":"https:\/\/nuevocanto.com\/en\/wp-json\/wp\/v2\/product_cat?post=10250"},{"taxonomy":"product_tag","embeddable":true,"href":"https:\/\/nuevocanto.com\/en\/wp-json\/wp\/v2\/product_tag?post=10250"}],"curies":[{"name":"wp","href":"https:\/\/api.w.org\/{rel}","templated":true}]}}