{"id":10248,"date":"2024-03-22T22:46:05","date_gmt":"2024-03-23T04:46:05","guid":{"rendered":"https:\/\/nuevocanto.com\/product\/himnario-para-principiantes-1\/"},"modified":"2026-01-22T22:35:24","modified_gmt":"2026-01-22T22:35:24","slug":"himnario-para-principiantes-1","status":"publish","type":"product","link":"https:\/\/nuevocanto.com\/en\/product\/himnario-para-principiantes-1\/","title":{"rendered":"HYMNPLAYER PARA PRINCIPIANTES 1"},"content":{"rendered":"<p>Himnario para Principiantes Libro 1<br \/>\nTapa Blanda<br \/>\nDise\u00f1ado para usarlo como complemento de los m\u00e9todos b\u00e1sicos para estudiantes. Se han agregado palabras para el enriquecimiento espiritual y el disfrute del alumno.<\/p>\n<p>BEGINNING HYMNPLAYER BOOK 1<br \/>\nEDICI\u00d3N EN INGL\u00c9S<\/p>","protected":false},"excerpt":{"rendered":"<p>Himnario para Principiantes Libro 1 Tapa Blanda Dise\u00f1ado para usarlo como complemento de los m\u00e9todos b\u00e1sicos para estudiantes. Se han agregado palabras para el enriquecimiento espiritual y el disfrute del alumno. BEGINNING HYMNPLAYER BOOK 1 EDICI\u00d3N EN INGL\u00c9S<\/p>","protected":false},"featured_media":17248,"comment_status":"closed","ping_status":"closed","template":"","meta":[],"product_brand":[],"product_cat":[90,94],"product_tag":[],"class_list":{"0":"post-10248","1":"product","2":"type-product","3":"status-publish","4":"has-post-thumbnail","6":"product_cat-partituras-metodos","7":"product_cat-piano","9":"first","10":"instock","11":"purchasable","12":"product-type-simple"},"acf":[],"_links":{"self":[{"href":"https:\/\/nuevocanto.com\/en\/wp-json\/wp\/v2\/product\/10248","targetHints":{"allow":["GET"]}}],"collection":[{"href":"https:\/\/nuevocanto.com\/en\/wp-json\/wp\/v2\/product"}],"about":[{"href":"https:\/\/nuevocanto.com\/en\/wp-json\/wp\/v2\/types\/product"}],"replies":[{"embeddable":true,"href":"https:\/\/nuevocanto.com\/en\/wp-json\/wp\/v2\/comments?post=10248"}],"version-history":[{"count":0,"href":"https:\/\/nuevocanto.com\/en\/wp-json\/wp\/v2\/product\/10248\/revisions"}],"wp:featuredmedia":[{"embeddable":true,"href":"https:\/\/nuevocanto.com\/en\/wp-json\/wp\/v2\/media\/17248"}],"wp:attachment":[{"href":"https:\/\/nuevocanto.com\/en\/wp-json\/wp\/v2\/media?parent=10248"}],"wp:term":[{"taxonomy":"product_brand","embeddable":true,"href":"https:\/\/nuevocanto.com\/en\/wp-json\/wp\/v2\/product_brand?post=10248"},{"taxonomy":"product_cat","embeddable":true,"href":"https:\/\/nuevocanto.com\/en\/wp-json\/wp\/v2\/product_cat?post=10248"},{"taxonomy":"product_tag","embeddable":true,"href":"https:\/\/nuevocanto.com\/en\/wp-json\/wp\/v2\/product_tag?post=10248"}],"curies":[{"name":"wp","href":"https:\/\/api.w.org\/{rel}","templated":true}]}}