{"id":10125,"date":"2024-03-22T22:41:46","date_gmt":"2024-03-23T04:41:46","guid":{"rendered":"https:\/\/nuevocanto.com\/product\/muevete-canta-escucha-y-juega\/"},"modified":"2024-03-22T22:41:46","modified_gmt":"2024-03-23T04:41:46","slug":"muevete-canta-escucha-y-juega","status":"publish","type":"product","link":"https:\/\/nuevocanto.com\/en\/product\/muevete-canta-escucha-y-juega\/","title":{"rendered":"MU\u00c9VETE, CANTA, ESCUCHA Y JUEGA"},"content":{"rendered":"<p>(Move Sing Listen Play) by Donna Wood<br \/>\nPreparando a los ni\u00f1os para la m\u00fasica.<\/p>\n<p>*CONTENIDO EN INGL\u00c8S<\/p>","protected":false},"excerpt":{"rendered":"<p>(Move Sing Listen Play) by Donna Wood Preparando a los ni\u00f1os para la m\u00fasica. *CONTENIDO EN INGL\u00c8S<\/p>","protected":false},"featured_media":17239,"comment_status":"closed","ping_status":"closed","template":"","meta":[],"product_brand":[],"product_cat":[89,90],"product_tag":[],"class_list":{"0":"post-10125","1":"product","2":"type-product","3":"status-publish","4":"has-post-thumbnail","6":"product_cat-libros-infantiles","7":"product_cat-partituras-metodos","9":"first","10":"instock","11":"purchasable","12":"product-type-simple"},"acf":[],"_links":{"self":[{"href":"https:\/\/nuevocanto.com\/en\/wp-json\/wp\/v2\/product\/10125","targetHints":{"allow":["GET"]}}],"collection":[{"href":"https:\/\/nuevocanto.com\/en\/wp-json\/wp\/v2\/product"}],"about":[{"href":"https:\/\/nuevocanto.com\/en\/wp-json\/wp\/v2\/types\/product"}],"replies":[{"embeddable":true,"href":"https:\/\/nuevocanto.com\/en\/wp-json\/wp\/v2\/comments?post=10125"}],"version-history":[{"count":0,"href":"https:\/\/nuevocanto.com\/en\/wp-json\/wp\/v2\/product\/10125\/revisions"}],"wp:featuredmedia":[{"embeddable":true,"href":"https:\/\/nuevocanto.com\/en\/wp-json\/wp\/v2\/media\/17239"}],"wp:attachment":[{"href":"https:\/\/nuevocanto.com\/en\/wp-json\/wp\/v2\/media?parent=10125"}],"wp:term":[{"taxonomy":"product_brand","embeddable":true,"href":"https:\/\/nuevocanto.com\/en\/wp-json\/wp\/v2\/product_brand?post=10125"},{"taxonomy":"product_cat","embeddable":true,"href":"https:\/\/nuevocanto.com\/en\/wp-json\/wp\/v2\/product_cat?post=10125"},{"taxonomy":"product_tag","embeddable":true,"href":"https:\/\/nuevocanto.com\/en\/wp-json\/wp\/v2\/product_tag?post=10125"}],"curies":[{"name":"wp","href":"https:\/\/api.w.org\/{rel}","templated":true}]}}