{"id":10123,"date":"2024-03-22T22:41:46","date_gmt":"2024-03-23T04:41:46","guid":{"rendered":"https:\/\/nuevocanto.com\/product\/teoria-musical-hecha-facil-para-ninos\/"},"modified":"2024-03-22T22:41:46","modified_gmt":"2024-03-23T04:41:46","slug":"teoria-musical-hecha-facil-para-ninos","status":"publish","type":"product","link":"https:\/\/nuevocanto.com\/en\/product\/teoria-musical-hecha-facil-para-ninos\/","title":{"rendered":"TEOR\u00cdA MUSICAL HECHA F\u00c1CIL PARA NI\u00d1OS"},"content":{"rendered":"<p>(Music theory made easy for kids Level 1)<br \/>\nLibro de teor\u00eda musical nivel 1 dise\u00f1ado para ni\u00f1os de 4 a 5 a\u00f1os.<br \/>\nEste libro presenta la teor\u00eda musical mediante ilustraciones coloridas y calcoman\u00edas para los ejercicios.<\/p>\n<p>*CONTENIDO EN INGL\u00c9S<\/p>","protected":false},"excerpt":{"rendered":"<p>(Music theory made easy for kids Level 1) Libro de teor\u00eda musical nivel 1 dise\u00f1ado para ni\u00f1os de 4 a 5 a\u00f1os. Este libro presenta la teor\u00eda musical mediante ilustraciones coloridas y calcoman\u00edas para los ejercicios. *CONTENIDO EN INGL\u00c9S<\/p>","protected":false},"featured_media":17255,"comment_status":"closed","ping_status":"closed","template":"","meta":[],"product_brand":[],"product_cat":[89,90],"product_tag":[],"class_list":{"0":"post-10123","1":"product","2":"type-product","3":"status-publish","4":"has-post-thumbnail","6":"product_cat-libros-infantiles","7":"product_cat-partituras-metodos","9":"first","10":"instock","11":"purchasable","12":"product-type-simple"},"acf":[],"_links":{"self":[{"href":"https:\/\/nuevocanto.com\/en\/wp-json\/wp\/v2\/product\/10123","targetHints":{"allow":["GET"]}}],"collection":[{"href":"https:\/\/nuevocanto.com\/en\/wp-json\/wp\/v2\/product"}],"about":[{"href":"https:\/\/nuevocanto.com\/en\/wp-json\/wp\/v2\/types\/product"}],"replies":[{"embeddable":true,"href":"https:\/\/nuevocanto.com\/en\/wp-json\/wp\/v2\/comments?post=10123"}],"version-history":[{"count":0,"href":"https:\/\/nuevocanto.com\/en\/wp-json\/wp\/v2\/product\/10123\/revisions"}],"wp:featuredmedia":[{"embeddable":true,"href":"https:\/\/nuevocanto.com\/en\/wp-json\/wp\/v2\/media\/17255"}],"wp:attachment":[{"href":"https:\/\/nuevocanto.com\/en\/wp-json\/wp\/v2\/media?parent=10123"}],"wp:term":[{"taxonomy":"product_brand","embeddable":true,"href":"https:\/\/nuevocanto.com\/en\/wp-json\/wp\/v2\/product_brand?post=10123"},{"taxonomy":"product_cat","embeddable":true,"href":"https:\/\/nuevocanto.com\/en\/wp-json\/wp\/v2\/product_cat?post=10123"},{"taxonomy":"product_tag","embeddable":true,"href":"https:\/\/nuevocanto.com\/en\/wp-json\/wp\/v2\/product_tag?post=10123"}],"curies":[{"name":"wp","href":"https:\/\/api.w.org\/{rel}","templated":true}]}}